{"id":3,"date":"2020-06-13T05:05:17","date_gmt":"2020-06-13T05:05:17","guid":{"rendered":"https:\/\/leviu.co\/?page_id=3"},"modified":"2020-07-09T23:18:09","modified_gmt":"2020-07-09T23:18:09","slug":"privacy-policy","status":"publish","type":"page","link":"https:\/\/leviu.co\/en\/privacy-policy\/","title":{"rendered":"Privacidad y protecci\u00f3n de datos"},"content":{"rendered":"<p><strong>POL\u00cdTICA DE TRATAMIENTO DE DATOS PERSONALES<\/strong><\/p>\n\n\n\n<p>Leviu.co&nbsp; est\u00e1 comprometida con su privacidad y con el adecuado manejo de su informaci\u00f3n personal, raz\u00f3n por la cual le invitamos a leer la siguiente informaci\u00f3n y confirmar su recepci\u00f3n a trav\u00e9s de cualquier medio de comunicaci\u00f3n posible.<\/p>\n\n\n\n<p>Un dato personal es cualquier tipo de informaci\u00f3n que permita identificar a una persona natural y\/o jur\u00eddica p\u00fablica o privada. Tratamiento del dato personal es la realizaci\u00f3n de cualquier tipo de operaci\u00f3n con el dato personal, tales como la recolecci\u00f3n, almacenamiento, uso, circulaci\u00f3n, transmisi\u00f3n o supresi\u00f3n del mismo.<\/p>\n\n\n\n<p>Mediante la Ley 1581 del 17 de octubre de 2012, el Congreso Nacional dicta Disposiciones Generales para la Protecci\u00f3n de Datos Personales, incluyendo el r\u00e9gimen de derechos de los titulares de la informaci\u00f3n y las obligaciones de los responsables y encargados de su tratamiento, constituyendo as\u00ed el marco general de la Protecci\u00f3n de Datos Personales en Colombia. Igualmente, el pasado 27 de junio de 2013 el Gobierno Nacional expidi\u00f3 el Decreto 1377 de 2013, mediante el cual se reglamenta la Ley antes mencionada, con el fin de facilitar su implementaci\u00f3n en aspectos relacionados con la autorizaci\u00f3n del Titular de la informaci\u00f3n, las Pol\u00edticas de Tratamiento de los Responsables y Encargados, el ejercicio de los derechos de los titulares de la informaci\u00f3n, las Transferencias de Datos Personales y la Responsabilidad Demostrada frente al Tratamiento de Datos Personales.<\/p>\n\n\n\n<p>Leviu.co requiere ciertos datos personales a los cuales da tratamiento para el normal desarrollo de su actividad, y en el marco de la relaci\u00f3n que la vincula con Los clientes, trabajadores y proveedores, solicitar\u00e1 s\u00f3lo los datos que en efecto necesite para ello, los cuales comprenden, entre otros, sus datos de identificaci\u00f3n y contacto; los datos relacionados con su actividad econ\u00f3mica y con su informaci\u00f3n comercial y\/o financiera. Para tal efecto leviu.co ha adoptado adecuadas medidas de seguridad con el fin de velar por el tratamiento adecuado y confidencial de sus datos personales.<\/p>\n\n\n\n<p>leviu.co obtiene sus datos personales por que usted mismo los ha suministrado, porque los ha obtenido de un tercero autorizado por usted o por la ley, para suministrarlos, o porque son datos p\u00fablicos; es decir, datos para cuyo tratamiento no se requiere de su autorizaci\u00f3n previa.<\/p>\n\n\n\n<p>leviu.co requiere tratar sus datos personales con el fin de atender adecuadamente la relaci\u00f3n establecida con usted, y para llevar a cabo las actividades previstas en la autorizaci\u00f3n que la empresa le solicita para efectos de realizar dicho tratamiento. En el evento en que nuestra empresa requiera tratar sus datos personales para una finalidad distinta a la consignada en la autorizaci\u00f3n, le solicitar\u00e1 una nueva.<\/p>\n\n\n\n<p>DERECHOS DEL TITULAR DEL DATO PERSONAL:&nbsp; Usted tiene los siguientes derechos:<\/p>\n\n\n\n<ol class=\"wp-block-list\"><li>Conocer, actualizar y rectificar los datos frente a leviu.co o Encargados del Tratamiento de datos. Este derecho se podr\u00e1 ejercer, entre otros frente a datos parciales, inexactos, incompletos, fraccionados, que induzcan a error, o aquellos cuyo tratamiento est\u00e9 expresamente prohibido o no haya sido autorizado.<\/li><li>Revocar la autorizaci\u00f3n y\/o solicitar la supresi\u00f3n del dato cuando en el Tratamiento no se respeten los principios, derechos y garant\u00edas constitucionales y legales. La revocatoria proceder\u00e1 siempre y cuando no exista la obligaci\u00f3n legal o contractual de conservar el dato personal.<\/li><li>En cualquier momento y sin costo alguno, usted podr\u00e1 solicitar que se eliminen los datos que considere necesario, para lo cual deber\u00e1 identificarse en debida forma y se\u00f1alar cu\u00e1l es la informaci\u00f3n a eliminar, lo cual comprende la entrega de la documentaci\u00f3n soporte que se requiera para tal efecto.<\/li><li>Ser informado por leviu.co previa solicitud, respecto del uso que le ha dado a los datos.<\/li><li>Presentar ante la Autoridad Competente quejas por infracciones a lo dispuesto en la ley y las dem\u00e1s normas que la modifiquen, adicionen o complementen.<\/li><li>Puede solicitar que se eliminen sus datos al correo: info@leviu.co<\/li><\/ol>\n\n\n\n<p>Para mayor ampliaci\u00f3n de los conceptos y\/o definiciones de la presente pol\u00edtica, rem\u00edtase a:<\/p>\n\n\n\n<ul class=\"wp-block-list\"><li>Ley 1581 de 2012 \u00abProtecci\u00f3n de Datos Personales\u00bb<\/li><li>Ley 1266 de 2008 \u00abHabeas Data<\/li><\/ul>","protected":false},"excerpt":{"rendered":"<p>POL\u00cdTICA DE TRATAMIENTO DE DATOS PERSONALES Leviu.co&nbsp; est\u00e1 comprometida con su privacidad y con el adecuado manejo de su informaci\u00f3n personal, raz\u00f3n por la cual le invitamos a leer la siguiente informaci\u00f3n y confirmar su recepci\u00f3n a trav\u00e9s de cualquier medio de comunicaci\u00f3n posible. Un dato personal es cualquier tipo de informaci\u00f3n que permita identificar [&hellip;]<\/p>","protected":false},"author":1,"featured_media":0,"parent":0,"menu_order":0,"comment_status":"closed","ping_status":"closed","template":"","meta":{"_et_pb_use_builder":"","_et_pb_old_content":"","_et_gb_content_width":"1080","content-type":"","footnotes":""},"class_list":["post-3","page","type-page","status-publish","hentry"],"jetpack_sharing_enabled":true,"_links":{"self":[{"href":"https:\/\/leviu.co\/en\/wp-json\/wp\/v2\/pages\/3","targetHints":{"allow":["GET"]}}],"collection":[{"href":"https:\/\/leviu.co\/en\/wp-json\/wp\/v2\/pages"}],"about":[{"href":"https:\/\/leviu.co\/en\/wp-json\/wp\/v2\/types\/page"}],"author":[{"embeddable":true,"href":"https:\/\/leviu.co\/en\/wp-json\/wp\/v2\/users\/1"}],"replies":[{"embeddable":true,"href":"https:\/\/leviu.co\/en\/wp-json\/wp\/v2\/comments?post=3"}],"version-history":[{"count":2,"href":"https:\/\/leviu.co\/en\/wp-json\/wp\/v2\/pages\/3\/revisions"}],"predecessor-version":[{"id":364,"href":"https:\/\/leviu.co\/en\/wp-json\/wp\/v2\/pages\/3\/revisions\/364"}],"wp:attachment":[{"href":"https:\/\/leviu.co\/en\/wp-json\/wp\/v2\/media?parent=3"}],"curies":[{"name":"wp","href":"https:\/\/api.w.org\/{rel}","templated":true}]}}