{"id":39,"date":"2020-07-03T06:35:00","date_gmt":"2020-07-03T06:35:00","guid":{"rendered":"https:\/\/leviu.co\/?page_id=39"},"modified":"2025-09-03T11:15:58","modified_gmt":"2025-09-03T16:15:58","slug":"tienda","status":"publish","type":"page","link":"https:\/\/leviu.co\/en\/tienda\/","title":{"rendered":"Tienda"},"content":{"rendered":"<p>[et_pb_section fb_built=\u00bb1&#8243; _builder_version=\u00bb4.4.8&#8243; min_height=\u00bb1097px\u00bb custom_padding=\u00bb||7px|||\u00bb][et_pb_row _builder_version=\u00bb4.5.1&#8243; custom_margin=\u00bb-55px||||false|false\u00bb][et_pb_column type=\u00bb4_4&#8243; _builder_version=\u00bb4.4.8&#8243;][et_pb_text _builder_version=\u00bb4.5.1&#8243; text_font=\u00bbLato||||||||\u00bb text_font_size=\u00bb16px\u00bb header_font=\u00bbLato||||||||\u00bb header_text_align=\u00bbcenter\u00bb header_font_size=\u00bb20px\u00bb header_letter_spacing=\u00bb3px\u00bb text_orientation=\u00bbcenter\u00bb custom_padding=\u00bb30px||0px|||\u00bb hover_enabled=\u00bb0&#8243;]<\/p>\n<h1 class=\"SectionHeader__Heading Heading u-h1\"><\/h1>\n<h1 class=\"SectionHeader__Heading Heading u-h1\"><\/h1>\n<h1 class=\"SectionHeader__Heading Heading u-h1\">DERMOCOSM\u00c9TICA NATURAL<\/h1>\n<div class=\"SectionHeader__Description Rte\">\n<p><span><\/span><\/p>\n<p>El Amazonas nos inspira y la dermocosm\u00e9tica nos apasiona, por eso logramos extraer los m\u00e1s puros aceites vegetales de la selva amaz\u00f3nica y el<span style=\"font-size: 16px;\">\u00a0elixir de sus frutos naturales en forma de extractos, los combinamos con bioactivos altamente eficaces para ofrecerte una rutina que resaltar\u00e1 tu belleza natural para que luzcas una piel muy sana y bonita.<\/span><span style=\"font-size: 16px;\">\u00a0<\/span><\/p>\n<p>&nbsp;<\/p>\n<\/div>\n<p>[\/et_pb_text][\/et_pb_column][\/et_pb_row][et_pb_row _builder_version=\u00bb4.5.1&#8243; width=\u00bb100%\u00bb max_width=\u00bb1151px\u00bb custom_margin=\u00bb-53px||||false|false\u00bb custom_padding=\u00bb||3px|||\u00bb hover_transition_speed_curve=\u00bbease-in-out\u00bb][et_pb_column type=\u00bb4_4&#8243; _builder_version=\u00bb4.4.8&#8243;][et_pb_shop type=\u00bbproduct_category\u00bb posts_number=\u00bb40&#8243; include_categories=\u00bb23&#8243; columns_number=\u00bb4&#8243; orderby=\u00bbdate-desc\u00bb sale_badge_color=\u00bbrgba(255,255,255,0)\u00bb icon_hover_color=\u00bb#000000&#8243; hover_icon=\u00bb%%114%%\u00bb _builder_version=\u00bb4.5.1&#8243; title_font=\u00bbLato||||||||\u00bb title_font_size=\u00bb17px\u00bb title_letter_spacing=\u00bb1px\u00bb price_font=\u00bbLato||||||||\u00bb price_text_color=\u00bb#000000&#8243; price_font_size=\u00bb17px\u00bb sale_badge_font=\u00bbLato|||on|||||\u00bb sale_badge_text_color=\u00bbrgba(0,0,0,0)\u00bb sale_badge_font_size=\u00bb13px\u00bb sale_badge_letter_spacing=\u00bb1px\u00bb sale_badge_line_height=\u00bb1.1em\u00bb sale_price_font=\u00bbLato|700|||||||\u00bb sale_price_text_color=\u00bbrgba(0,0,0,0.81)\u00bb rating_text_color=\u00bb#d4ddf9&#8243; rating_font_size=\u00bb15px\u00bb rating_letter_spacing=\u00bb6px\u00bb text_orientation=\u00bbcenter\u00bb min_height=\u00bb1505px\u00bb custom_margin=\u00bb-8px|||||\u00bb custom_padding=\u00bb11px|||||\u00bb][\/et_pb_shop][\/et_pb_column][\/et_pb_row][\/et_pb_section]<\/p>","protected":false},"excerpt":{"rendered":"<p>[et_pb_section fb_built=\u00bb1&#8243; _builder_version=\u00bb4.4.8&#8243; min_height=\u00bb1097px\u00bb custom_padding=\u00bb||7px|||\u00bb][et_pb_row _builder_version=\u00bb4.5.1&#8243; custom_margin=\u00bb-55px||||false|false\u00bb][et_pb_column type=\u00bb4_4&#8243; _builder_version=\u00bb4.4.8&#8243;][et_pb_text _builder_version=\u00bb4.5.1&#8243; text_font=\u00bbLato||||||||\u00bb text_font_size=\u00bb16px\u00bb header_font=\u00bbLato||||||||\u00bb header_text_align=\u00bbcenter\u00bb header_font_size=\u00bb20px\u00bb header_letter_spacing=\u00bb3px\u00bb text_orientation=\u00bbcenter\u00bb custom_padding=\u00bb30px||0px|||\u00bb hover_enabled=\u00bb0&#8243;] DERMOCOSM\u00c9TICA NATURAL El Amazonas nos inspira y la dermocosm\u00e9tica nos apasiona, por eso logramos extraer los m\u00e1s puros aceites vegetales de la selva amaz\u00f3nica y el\u00a0elixir de sus frutos naturales en forma de extractos, los combinamos [&hellip;]<\/p>","protected":false},"author":1,"featured_media":0,"parent":0,"menu_order":0,"comment_status":"closed","ping_status":"closed","template":"","meta":{"_et_pb_use_builder":"on","_et_pb_old_content":"","_et_gb_content_width":"2880","content-type":"","footnotes":""},"class_list":["post-39","page","type-page","status-publish","hentry"],"jetpack_sharing_enabled":true,"_links":{"self":[{"href":"https:\/\/leviu.co\/en\/wp-json\/wp\/v2\/pages\/39","targetHints":{"allow":["GET"]}}],"collection":[{"href":"https:\/\/leviu.co\/en\/wp-json\/wp\/v2\/pages"}],"about":[{"href":"https:\/\/leviu.co\/en\/wp-json\/wp\/v2\/types\/page"}],"author":[{"embeddable":true,"href":"https:\/\/leviu.co\/en\/wp-json\/wp\/v2\/users\/1"}],"replies":[{"embeddable":true,"href":"https:\/\/leviu.co\/en\/wp-json\/wp\/v2\/comments?post=39"}],"version-history":[{"count":36,"href":"https:\/\/leviu.co\/en\/wp-json\/wp\/v2\/pages\/39\/revisions"}],"predecessor-version":[{"id":3425,"href":"https:\/\/leviu.co\/en\/wp-json\/wp\/v2\/pages\/39\/revisions\/3425"}],"wp:attachment":[{"href":"https:\/\/leviu.co\/en\/wp-json\/wp\/v2\/media?parent=39"}],"curies":[{"name":"wp","href":"https:\/\/api.w.org\/{rel}","templated":true}]}}