{"id":84,"date":"2020-07-06T03:04:52","date_gmt":"2020-07-06T03:04:52","guid":{"rendered":"https:\/\/leviu.co\/?page_id=84"},"modified":"2020-07-23T16:40:20","modified_gmt":"2020-07-23T16:40:20","slug":"packs","status":"publish","type":"page","link":"https:\/\/leviu.co\/en\/packs\/","title":{"rendered":"Kits"},"content":{"rendered":"<p>[et_pb_section fb_built=\u00bb1&#8243; _builder_version=\u00bb4.4.8&#8243;][et_pb_row _builder_version=\u00bb4.4.8&#8243; custom_margin=\u00bb-44px|auto||auto||\u00bb custom_padding=\u00bb10px|||||\u00bb][et_pb_column type=\u00bb4_4&#8243; _builder_version=\u00bb4.4.8&#8243;][et_pb_text _builder_version=\u00bb4.4.8&#8243; text_font=\u00bbLato||||||||\u00bb text_font_size=\u00bb15px\u00bb text_letter_spacing=\u00bb1px\u00bb text_orientation=\u00bbcenter\u00bb animation_style=\u00bbzoom\u00bb animation_duration=\u00bb2000ms\u00bb]<\/p>\n<h1 class=\"SectionHeader__Heading Heading u-h1\"><\/h1>\n<h1 class=\"SectionHeader__Heading Heading u-h1\"><\/h1>\n<h1 class=\"SectionHeader__Heading Heading u-h1\"><\/h1>\n<h1 class=\"SectionHeader__Heading Heading u-h1\"><\/h1>\n<h1 class=\"SectionHeader__Heading Heading u-h1\">KITS<\/h1>\n<div class=\"SectionHeader__Description Rte\">\n<p>Renovamos nuestros kits de cosm\u00e9ticos naturales.\u00a0\u00a0<\/p>\n<p><span style=\"font-size: 15px;\">Cuatro nuevos kits que combinan de manera cuidadosa una rutina facial seg\u00fan tu tipo de piel.<\/span><\/p>\n<p>Ingredientes amaz\u00f3nicos y bioactivos naturales con estudios de eficacia que le dar\u00e1n beneficios \u00fanicos a tu piel.<\/p>\n<\/div>\n<p>[\/et_pb_text][\/et_pb_column][\/et_pb_row][et_pb_row _builder_version=\u00bb4.4.8&#8243; width=\u00bb100%\u00bb max_width=\u00bb1273px\u00bb custom_padding=\u00bb17px|||||\u00bb][et_pb_column type=\u00bb4_4&#8243; _builder_version=\u00bb4.4.8&#8243;][et_pb_divider _builder_version=\u00bb4.4.8&#8243; custom_margin=\u00bb-21px||-33px|||\u00bb custom_padding=\u00bb||0px|||\u00bb][\/et_pb_divider][\/et_pb_column][\/et_pb_row][et_pb_row _builder_version=\u00bb4.4.8&#8243; width=\u00bb100%\u00bb min_height=\u00bb456px\u00bb][et_pb_column type=\u00bb4_4&#8243; _builder_version=\u00bb4.4.8&#8243;][et_pb_shop type=\u00bbproduct_category\u00bb include_categories=\u00bb24&#8243; sale_badge_color=\u00bbrgba(255,255,255,0)\u00bb _builder_version=\u00bb4.5.1&#8243; title_font=\u00bbLato||||||||\u00bb title_font_size=\u00bb16px\u00bb title_letter_spacing=\u00bb1px\u00bb price_font=\u00bbLato||||||||\u00bb price_text_color=\u00bb#000000&#8243; price_font_size=\u00bb15px\u00bb sale_badge_text_color=\u00bbrgba(0,0,0,0)\u00bb rating_text_color=\u00bb#99B4B5&#8243; text_orientation=\u00bbcenter\u00bb min_height=\u00bb395px\u00bb custom_margin=\u00bb-42px|||||\u00bb custom_padding=\u00bb0px|||||\u00bb][\/et_pb_shop][\/et_pb_column][\/et_pb_row][\/et_pb_section]<\/p>","protected":false},"excerpt":{"rendered":"<p>[et_pb_section fb_built=\u00bb1&#8243; _builder_version=\u00bb4.4.8&#8243;][et_pb_row _builder_version=\u00bb4.4.8&#8243; custom_margin=\u00bb-44px|auto||auto||\u00bb custom_padding=\u00bb10px|||||\u00bb][et_pb_column type=\u00bb4_4&#8243; _builder_version=\u00bb4.4.8&#8243;][et_pb_text _builder_version=\u00bb4.4.8&#8243; text_font=\u00bbLato||||||||\u00bb text_font_size=\u00bb15px\u00bb text_letter_spacing=\u00bb1px\u00bb text_orientation=\u00bbcenter\u00bb animation_style=\u00bbzoom\u00bb animation_duration=\u00bb2000ms\u00bb] KITS Renovamos nuestros kits de cosm\u00e9ticos naturales.\u00a0\u00a0 Cuatro nuevos kits que combinan de manera cuidadosa una rutina facial seg\u00fan tu tipo de piel. Ingredientes amaz\u00f3nicos y bioactivos naturales con estudios de eficacia que le dar\u00e1n beneficios \u00fanicos a tu piel. [&hellip;]<\/p>","protected":false},"author":1,"featured_media":0,"parent":0,"menu_order":0,"comment_status":"closed","ping_status":"closed","template":"","meta":{"_et_pb_use_builder":"on","_et_pb_old_content":"","_et_gb_content_width":"1080","content-type":"","footnotes":""},"class_list":["post-84","page","type-page","status-publish","hentry"],"jetpack_sharing_enabled":true,"_links":{"self":[{"href":"https:\/\/leviu.co\/en\/wp-json\/wp\/v2\/pages\/84","targetHints":{"allow":["GET"]}}],"collection":[{"href":"https:\/\/leviu.co\/en\/wp-json\/wp\/v2\/pages"}],"about":[{"href":"https:\/\/leviu.co\/en\/wp-json\/wp\/v2\/types\/page"}],"author":[{"embeddable":true,"href":"https:\/\/leviu.co\/en\/wp-json\/wp\/v2\/users\/1"}],"replies":[{"embeddable":true,"href":"https:\/\/leviu.co\/en\/wp-json\/wp\/v2\/comments?post=84"}],"version-history":[{"count":17,"href":"https:\/\/leviu.co\/en\/wp-json\/wp\/v2\/pages\/84\/revisions"}],"predecessor-version":[{"id":1466,"href":"https:\/\/leviu.co\/en\/wp-json\/wp\/v2\/pages\/84\/revisions\/1466"}],"wp:attachment":[{"href":"https:\/\/leviu.co\/en\/wp-json\/wp\/v2\/media?parent=84"}],"curies":[{"name":"wp","href":"https:\/\/api.w.org\/{rel}","templated":true}]}}