{"id":2570,"date":"2022-03-07T10:55:35","date_gmt":"2022-03-07T15:55:35","guid":{"rendered":"https:\/\/leviu.co\/?post_type=product&#038;p=2570"},"modified":"2026-03-03T18:59:20","modified_gmt":"2026-03-03T23:59:20","slug":"kit-paraje-ideal","status":"publish","type":"product","link":"https:\/\/leviu.co\/en\/product\/kit-paraje-ideal\/","title":{"rendered":"Kit Pareja Ideal"},"content":{"rendered":"<p>[et_pb_section fb_built=\u00bb1&#8243; _builder_version=\u00bb4.4.8&#8243; width=\u00bb100%\u00bb max_width=\u00bb100%\u00bb module_alignment=\u00bbleft\u00bb custom_margin=\u00bb20px||||false|false\u00bb custom_margin_tablet=\u00bb\u00bb custom_margin_phone=\u00bb2px||||false|false\u00bb custom_margin_last_edited=\u00bbon|phone\u00bb custom_padding=\u00bb0px||||false|false\u00bb][et_pb_row column_structure=\u00bb1_2,1_2&#8243; _builder_version=\u00bb4.5.1&#8243; background_size=\u00bbinitial\u00bb background_position=\u00bbtop_left\u00bb background_repeat=\u00bbrepeat\u00bb width=\u00bb100%\u00bb custom_padding=\u00bb0px||||false|false\u00bb][et_pb_column type=\u00bb1_2&#8243; _builder_version=\u00bb3.25&#8243; custom_padding=\u00bb|||\u00bb custom_padding__hover=\u00bb|||\u00bb][et_pb_wc_images sale_badge_color=\u00bb#d4ddf9&#8243; _builder_version=\u00bb4.4.8&#8243; sale_badge_text_color=\u00bb#000000&#8243; sale_badge_font_size=\u00bb18px\u00bb custom_margin=\u00bb|||30px|false|false\u00bb custom_margin_tablet=\u00bb\u00bb custom_margin_phone=\u00bb|||1px|false|false\u00bb custom_margin_last_edited=\u00bbon|phone\u00bb custom_padding=\u00bb|50px||50px|false|false\u00bb border_color_all_image=\u00bb#ffffff\u00bb][\/et_pb_wc_images][\/et_pb_column][et_pb_column type=\u00bb1_2&#8243; _builder_version=\u00bb4.5.1&#8243; positioning=\u00bbnone\u00bb position_origin_f=\u00bbtop_right\u00bb z_index=\u00bb32&#8243; position_origin_a_tablet=\u00bb\u00bb position_origin_a_phone=\u00bb\u00bb position_origin_a_last_edited=\u00bbon|desktop\u00bb position_origin_f_tablet=\u00bb\u00bb position_origin_f_phone=\u00bb\u00bb position_origin_f_last_edited=\u00bbon|desktop\u00bb position_origin_r_tablet=\u00bb\u00bb position_origin_r_phone=\u00bb\u00bb position_origin_r_last_edited=\u00bbon|desktop\u00bb custom_padding=\u00bb|||90px|false|false\u00bb custom_padding_tablet=\u00bb1px|||1px|false|false\u00bb custom_padding_phone=\u00bb\u00bb custom_padding_last_edited=\u00bbon|phone\u00bb scroll_vertical_motion_enable=\u00bbon\u00bb scroll_vertical_motion=\u00bb0|18|78|100|20|0|4&#8243; positioning_tablet=\u00bbnone\u00bb positioning_phone=\u00bbnone\u00bb positioning_last_edited=\u00bbon|desktop\u00bb custom_padding__hover=\u00bb|||\u00bb][et_pb_wc_title _builder_version=\u00bb4.5.1&#8243; header_font=\u00bbLato||||||||\u00bb header_font_size=\u00bb27px\u00bb width=\u00bb98.8%\u00bb width_tablet=\u00bb\u00bb width_phone=\u00bb82%\u00bb width_last_edited=\u00bbon|phone\u00bb custom_margin=\u00bb||||false|false\u00bb custom_margin_tablet=\u00bb\u00bb custom_margin_phone=\u00bb|||43px|false|false\u00bb custom_margin_last_edited=\u00bbon|phone\u00bb custom_padding=\u00bb|0px||||\u00bb][\/et_pb_wc_title][et_pb_wc_rating _builder_version=\u00bb4.5.1&#8243; rating_text_color=\u00bb#99b4b5&#8243; body_font=\u00bbLato||||||||\u00bb body_text_color=\u00bbrgba(0,0,0,0)\u00bb width_tablet=\u00bb\u00bb width_phone=\u00bb86%\u00bb width_last_edited=\u00bbon|phone\u00bb max_width_tablet=\u00bb\u00bb max_width_phone=\u00bb100%\u00bb max_width_last_edited=\u00bbon|phone\u00bb custom_margin=\u00bb-25px|0em|1.618em||false|false\u00bb custom_margin_tablet=\u00bb\u00bb custom_margin_phone=\u00bb-20px|10em|1.618em|45px|false|false\u00bb custom_margin_last_edited=\u00bbon|phone\u00bb rating_font_size_tablet=\u00bb\u00bb rating_font_size_phone=\u00bb21px\u00bb rating_font_size_last_edited=\u00bbon|phone\u00bb][\/et_pb_wc_rating][et_pb_wc_price _builder_version=\u00bb4.5.1&#8243; body_font=\u00bbABeeZee||||||||\u00bb body_font_size=\u00bb21px\u00bb before_sale_price_text_color=\u00bb#000000&#8243; before_sale_price_font_size=\u00bb20px\u00bb sale_price_font=\u00bb|300|||||||\u00bb sale_price_text_color=\u00bb#e02b20&#8243; width_tablet=\u00bb\u00bb width_phone=\u00bb88%\u00bb width_last_edited=\u00bbon|phone\u00bb custom_margin=\u00bb||||false|false\u00bb custom_margin_tablet=\u00bb\u00bb custom_margin_phone=\u00bb|||44px|false|false\u00bb custom_margin_last_edited=\u00bbon|phone\u00bb body_font_size_tablet=\u00bb\u00bb body_font_size_phone=\u00bb32px\u00bb body_font_size_last_edited=\u00bbon|phone\u00bb][\/et_pb_wc_price][et_pb_wc_add_to_cart _builder_version=\u00bb4.5.1&#8243; fields_background_color=\u00bb#ffffff\u00bb fields_text_color=\u00bb#000000&#8243; body_font=\u00bbLato||||||||\u00bb fields_font=\u00bbLato||||||||\u00bb fields_font_size=\u00bb16px\u00bb custom_button=\u00bbon\u00bb button_text_size=\u00bb14px\u00bb button_text_color=\u00bb#ffffff\u00bb button_bg_color=\u00bb#99b4b5&#8243; button_border_width=\u00bb0px\u00bb button_border_radius=\u00bb0px\u00bb button_letter_spacing=\u00bb1px\u00bb button_font=\u00bbLato|||on|||||\u00bb button_custom_padding=\u00bb10px|70px|10px|70px|false|false\u00bb button_custom_padding_tablet=\u00bb\u00bb button_custom_padding_phone=\u00bb|35px||35px|false|false\u00bb button_custom_padding_last_edited=\u00bbon|phone\u00bb width_tablet=\u00bb\u00bb width_phone=\u00bb88%\u00bb width_last_edited=\u00bbon|phone\u00bb custom_margin=\u00bb||||false|false\u00bb custom_margin_tablet=\u00bb\u00bb custom_margin_phone=\u00bb|||42px|false|false\u00bb custom_margin_last_edited=\u00bbon|phone\u00bb border_width_all_fields=\u00bb1px\u00bb][\/et_pb_wc_add_to_cart][et_pb_wc_description _builder_version=\u00bb4.5.1&#8243; body_font=\u00bbLato||||||||\u00bb body_font_size=\u00bb16px\u00bb custom_margin=\u00bb||||false|false\u00bb custom_margin_tablet=\u00bb\u00bb custom_margin_phone=\u00bb|30px||30px|false|false\u00bb custom_margin_last_edited=\u00bbon|phone\u00bb text_orientation_tablet=\u00bb\u00bb text_orientation_phone=\u00bbcenter\u00bb text_orientation_last_edited=\u00bbon|phone\u00bb][\/et_pb_wc_description][et_pb_wc_meta _builder_version=\u00bb4.5.1&#8243; body_font=\u00bbLato||||||||\u00bb width_tablet=\u00bb\u00bb width_phone=\u00bb96%\u00bb width_last_edited=\u00bbon|phone\u00bb custom_margin=\u00bb||||false|false\u00bb custom_margin_tablet=\u00bb\u00bb custom_margin_phone=\u00bb|20px||39px|false|false\u00bb custom_margin_last_edited=\u00bbon|phone\u00bb][\/et_pb_wc_meta][\/et_pb_column][\/et_pb_row][et_pb_row column_structure=\u00bb3_5,2_5&#8243; _builder_version=\u00bb4.5.1&#8243; width=\u00bb100%\u00bb max_width=\u00bb1270px\u00bb module_alignment=\u00bbcenter\u00bb][et_pb_column type=\u00bb3_5&#8243; _builder_version=\u00bb4.5.1&#8243; z_index=\u00bb70&#8243; custom_padding=\u00bb|||29px|false|false\u00bb custom_padding_tablet=\u00bb|||1px|false|false\u00bb custom_padding_phone=\u00bb\u00bb custom_padding_last_edited=\u00bbon|desktop\u00bb][et_pb_accordion open_toggle_text_color=\u00bb#000000&#8243; open_toggle_background_color=\u00bb#ffffff\u00bb closed_toggle_text_color=\u00bb#000000&#8243; closed_toggle_background_color=\u00bb#ffffff\u00bb icon_color=\u00bb#99b4b5&#8243; use_icon_font_size=\u00bbon\u00bb icon_font_size=\u00bb15px\u00bb module_id=\u00bbacordion\u00bb module_class=\u00bbmargin-bottom\u00bb _builder_version=\u00bb4.5.1&#8243; toggle_text_color=\u00bb#000000&#8243; toggle_font=\u00bbLato|||on|||||\u00bb toggle_font_size=\u00bb14px\u00bb closed_toggle_font=\u00bbLato||||||||\u00bb closed_toggle_font_size=\u00bb13px\u00bb closed_toggle_line_height=\u00bb3.6em\u00bb body_font=\u00bbLato||||||||\u00bb body_font_size=\u00bb15px\u00bb body_line_height=\u00bb1.6em\u00bb z_index=\u00bb275&#8243; width=\u00bb100%\u00bb width_tablet=\u00bb\u00bb width_phone=\u00bb97%\u00bb width_last_edited=\u00bbon|phone\u00bb height_tablet=\u00bb\u00bb height_phone=\u00bb\u00bb height_last_edited=\u00bbon|phone\u00bb custom_margin=\u00bb-90px||||false|false\u00bb custom_margin_tablet=\u00bb1px||||false|false\u00bb custom_margin_phone=\u00bb|||6px|false|false\u00bb custom_margin_last_edited=\u00bbon|tablet\u00bb custom_padding=\u00bb||||false|false\u00bb custom_padding_tablet=\u00bb\u00bb custom_padding_phone=\u00bb15px||0px||false|false\u00bb custom_padding_last_edited=\u00bbon|phone\u00bb custom_css_toggle=\u00bbborder-width: 1px 0px;||margin-bottom: -4px;\u00bb border_width_all=\u00bb0px\u00bb border_width_top=\u00bb1px\u00bb border_width_bottom=\u00bb1px\u00bb custom_css_before_last_edited=\u00bbon|desktop\u00bb][et_pb_accordion_item title=\u00bb\u00bfPor qu\u00e9 te enamorar\u00e1?\u00bb open=\u00bbon\u00bb _builder_version=\u00bb4.5.1&#8243; toggle_font=\u00bb|||on|||||\u00bb]<\/p>\n<p>Su deliciosa textura y delicado toque te cautivar\u00e1 desde su primer uso.<\/p>\n<p>\ud83c\udf43<strong>Hidrataci\u00f3n y humectaci\u00f3n profunda:<\/strong> Se formar\u00e1 una capa protectora que evitar\u00e1 que pierdas agua del rostro adem\u00e1s de aportar hidrataci\u00f3n en las c\u00e9lulas para su buen metabolismo.<\/p>\n<p>\ud83c\udf43<strong>Antioxidante:<\/strong> Nuestro Camu camu es quien aporta la Vitamina C de este elixir facial. Sus frutos recogidos de manera artesanal luego son finamente condensados para extraer sus m\u00e1s nobles propiedades. Gracias a este efecto antioxidante se neutralizar\u00e1n radicales libres y se evitar\u00e1 el envejecimiento prematuro de tu piel.<\/p>\n<p>\ud83c\udf43<strong>Textura ultra hidratante:<\/strong> Deja la piel acolchadita y muy suave.<\/p>\n<p>\ud83c\udf43<strong>Efecto lifting:<\/strong> Sentir\u00e1s un ligero efecto tensor y la piel m\u00e1s suave.<\/p>\n<p>&nbsp;<\/p>\n<p>&nbsp;<\/p>\n<p>[\/et_pb_accordion_item][et_pb_accordion_item title=\u00bbActivos clave\u00bb _builder_version=\u00bb4.5.1&#8243; open=\u00bboff\u00bb]<\/p>\n<p>\ud83c\udf43<strong>\u00c1cido hialur\u00f3nico + Silicio org\u00e1nico:<\/strong> Restauran la hidrataci\u00f3n natural de la piel. El silicio org\u00e1nico mantiene las fibras de col\u00e1geno unidas, proporcionando gran elasticidad en la piel, estimula a la dermis para sintetizar m\u00e1s col\u00e1geno y mejorar la estructura y firmeza de la piel, por lo cual disminuye muy eficazmente arrugas y l\u00edneas de expresi\u00f3n.<\/p>\n<p>\ud83c\udf43<strong>Camu camu:<\/strong> Fruta exuberante con muy alto contenido de Vitamina C (aprox.2400mg\/100g) lo que le otorga gran poder antioxidante y regenerante ya que la Vitamina C esta implicada en la producci\u00f3n end\u00f3gena de Col\u00e1geno. Previene el envejecimiento prematuro y combate radicales libres. Una maravilla del Amazonas colombiano.<\/p>\n<p>[\/et_pb_accordion_item][et_pb_accordion_item title=\u00bb\u00bfC\u00f3mo usarlo?\u00bb _builder_version=\u00bb4.5.1&#8243; open=\u00bboff\u00bb]<\/p>\n<p>\ud83d\udca6Con la piel muy limpia colocar de 4 a 5 gotas en el rostro, masajea dej\u00e1ndote seducir por su textura deliciosa hasta que se absorba el s\u00e9rum.<\/p>\n<p>Usar en la ma\u00f1ana y en la noche.<\/p>\n<p>[\/et_pb_accordion_item][et_pb_accordion_item title=\u00bb\u00bfPara qui\u00e9n?\u00bb _builder_version=\u00bb4.5.1&#8243; open=\u00bboff\u00bb]<\/p>\n<p>\ud83d\udca6Te lo indicamos desde los 20 a\u00f1os en adelante y es para todo tipo de piel ya que siempre siempre tu cutis necesita hidrataci\u00f3n. Recuerda que es un paso fundamental en tu rutina facial. A partir de tus 28 a\u00f1os nuestra recomendaci\u00f3n es que tambi\u00e9n lo apliques en cuello y escote para empezar a prevenir arruguitas en estas zonas.<\/p>\n<p>[\/et_pb_accordion_item][et_pb_accordion_item title=\u00bbInfo env\u00edos\u00bb _builder_version=\u00bb4.5.1&#8243; open=\u00bboff\u00bb]<\/p>\n<p>Env\u00edos a todo Colombia. Una vez confirmado tu pedido y pago tu producto llegara a su direcci\u00f3n de destino en el siguiente tiempo:<\/p>\n<p><img decoding=\"async\" class=\"emoji\" role=\"img\" draggable=\"false\" src=\"https:\/\/s.w.org\/images\/core\/emoji\/12.0.0-1\/svg\/1f69a.svg\" alt=\"\ud83d\ude9a\" \/>\u00a0Ciudades principales: 2-4 d\u00edas h\u00e1biles<\/p>\n<p><img decoding=\"async\" class=\"emoji\" role=\"img\" draggable=\"false\" src=\"https:\/\/s.w.org\/images\/core\/emoji\/12.0.0-1\/svg\/1f69a.svg\" alt=\"\ud83d\ude9a\" \/>\u00a0Ciudades intermedias: 3-7 d\u00edas h\u00e1biles<\/p>\n<p><img decoding=\"async\" class=\"emoji\" role=\"img\" draggable=\"false\" src=\"https:\/\/s.w.org\/images\/core\/emoji\/12.0.0-1\/svg\/1f69a.svg\" alt=\"\ud83d\ude9a\" \/> Otros destinos: 4-9 d\u00edas h\u00e1biles<\/p>\n<p>*Env\u00edos gratis por compras superiores a $60.000 a ciudades principales e intermedias. Para los dem\u00e1s municipios el env\u00edo tiene un costo de $12.000.<\/p>\n<p>[\/et_pb_accordion_item][\/et_pb_accordion][\/et_pb_column][et_pb_column type=\u00bb2_5&#8243; _builder_version=\u00bb4.4.8&#8243;][\/et_pb_column][\/et_pb_row][\/et_pb_section][et_pb_section fb_built=\u00bb1&#8243; _builder_version=\u00bb4.5.1&#8243; _module_preset=\u00bbdefault\u00bb background_color=\u00bb#ffffff\u00bb z_index=\u00bb50&#8243;][et_pb_row _builder_version=\u00bb4.4.8&#8243; width=\u00bb100%\u00bb max_width=\u00bb1169px\u00bb][et_pb_column type=\u00bb4_4&#8243; _builder_version=\u00bb4.4.8&#8243;][et_pb_wc_reviews show_avatar=\u00bboff\u00bb _builder_version=\u00bb4.4.8&#8243; form_field_background_color=\u00bb#ffffff\u00bb form_field_text_color=\u00bb#000000&#8243; form_field_custom_margin=\u00bb||||false|false\u00bb form_field_custom_padding=\u00bb||||false|false\u00bb header_font=\u00bbLato||||||||\u00bb header_font_size=\u00bb22px\u00bb title_font=\u00bbLato|700|||||||\u00bb title_font_size=\u00bb15px\u00bb meta_font=\u00bbLato||||||||\u00bb meta_font_size=\u00bb16px\u00bb body_font=\u00bbLato||||||||\u00bb body_text_color=\u00bb#000000&#8243; rating_text_color=\u00bb#99b4b5&#8243; rating_font_size=\u00bb20px\u00bb form_field_font=\u00bbLato||||||||\u00bb form_field_font_size=\u00bb16px\u00bb custom_button=\u00bbon\u00bb button_text_size=\u00bb19px\u00bb button_text_color=\u00bb#ffffff\u00bb button_bg_color=\u00bb#99b4b5&#8243; button_border_width=\u00bb0px\u00bb button_font=\u00bbLato||||||||\u00bb button_custom_margin=\u00bb||||false|false\u00bb button_custom_padding=\u00bb|50px||50px|false|false\u00bb max_width=\u00bb90%\u00bb custom_margin_tablet=\u00bb\u00bb custom_margin_phone=\u00bb|||20px|false|false\u00bb custom_margin_last_edited=\u00bbon|phone\u00bb border_width_all_fields=\u00bb1px\u00bb][\/et_pb_wc_reviews][\/et_pb_column][\/et_pb_row][\/et_pb_section]<\/p>","protected":false},"excerpt":{"rendered":"<p><strong>Este D\u00fao m\u00e1gico contiene un \u00c1cido Hialur\u00f3nico + Vitamina C de 30 ml y un S\u00e9rum Contorno de Ojos de 30 ml<\/strong><\/p>\n<p><strong>Antiedad y Ultra<\/strong><strong>\u00a0hidratante<\/strong><\/p>\n<p><strong>Antioxidante y <\/strong><strong>Reafirmante facial<\/strong><\/p>\n<p>La hidrataci\u00f3n facial es fundamental en todas las edades y en todos los tipos de piel ya que fomenta el buen metabolismo celular para asegurar la salud y vitalidad de la piel. El \u00e1cido hialur\u00f3nico y el silicio org\u00e1nico son combinados con Vitamina C para mejorar la lozan\u00eda de tu piel.<\/p>\n<p><strong>Disminuye ojeras, bolsas y l\u00edneas de expresi\u00f3n<\/strong><\/p>\n<p><strong>Previene arrugas en el contorno de ojos y son antioxidante<\/strong><\/p>\n<p>Extractos bot\u00e1nicos provenientes de la cal\u00e9ndula, flor de sa\u00faco y aloe vera se combinan con activos de origen biotecnol\u00f3gico\u00a0 para ofrecer beneficios sorprendentes a tu contorno de ojos y tu cutis.<\/p>","protected":false},"featured_media":2749,"comment_status":"open","ping_status":"closed","template":"","meta":{"_et_pb_use_builder":"on","_et_pb_old_content":"","_et_gb_content_width":"","content-type":""},"product_brand":[],"product_cat":[25,23,24],"product_tag":[],"class_list":{"0":"post-2570","1":"product","2":"type-product","3":"status-publish","4":"has-post-thumbnail","6":"product_cat-cuidado-facial","7":"product_cat-leviu","8":"product_cat-packs","10":"first","11":"instock","12":"sale","13":"taxable","14":"shipping-taxable","15":"purchasable","16":"product-type-simple"},"jetpack_sharing_enabled":true,"_links":{"self":[{"href":"https:\/\/leviu.co\/en\/wp-json\/wp\/v2\/product\/2570","targetHints":{"allow":["GET"]}}],"collection":[{"href":"https:\/\/leviu.co\/en\/wp-json\/wp\/v2\/product"}],"about":[{"href":"https:\/\/leviu.co\/en\/wp-json\/wp\/v2\/types\/product"}],"replies":[{"embeddable":true,"href":"https:\/\/leviu.co\/en\/wp-json\/wp\/v2\/comments?post=2570"}],"wp:featuredmedia":[{"embeddable":true,"href":"https:\/\/leviu.co\/en\/wp-json\/wp\/v2\/media\/2749"}],"wp:attachment":[{"href":"https:\/\/leviu.co\/en\/wp-json\/wp\/v2\/media?parent=2570"}],"wp:term":[{"taxonomy":"product_brand","embeddable":true,"href":"https:\/\/leviu.co\/en\/wp-json\/wp\/v2\/product_brand?post=2570"},{"taxonomy":"product_cat","embeddable":true,"href":"https:\/\/leviu.co\/en\/wp-json\/wp\/v2\/product_cat?post=2570"},{"taxonomy":"product_tag","embeddable":true,"href":"https:\/\/leviu.co\/en\/wp-json\/wp\/v2\/product_tag?post=2570"}],"curies":[{"name":"wp","href":"https:\/\/api.w.org\/{rel}","templated":true}]}}