{"id":789,"date":"2020-07-16T08:13:05","date_gmt":"2020-07-16T13:13:05","guid":{"rendered":"https:\/\/leviu.co\/?post_type=product&#038;p=789"},"modified":"2026-03-03T19:03:15","modified_gmt":"2026-03-04T00:03:15","slug":"aclarante","status":"publish","type":"product","link":"https:\/\/leviu.co\/en\/product\/aclarante\/","title":{"rendered":"S\u00e9rum aclarante y despigmentante facial"},"content":{"rendered":"<p>[et_pb_section fb_built=\u00bb1&#8243; _builder_version=\u00bb4.4.8&#8243; width=\u00bb100%\u00bb max_width=\u00bb100%\u00bb module_alignment=\u00bbleft\u00bb custom_margin=\u00bb20px||||false|false\u00bb custom_margin_tablet=\u00bb\u00bb custom_margin_phone=\u00bb2px||||false|false\u00bb custom_margin_last_edited=\u00bbon|phone\u00bb custom_padding=\u00bb0px||||false|false\u00bb][et_pb_row column_structure=\u00bb1_2,1_2&#8243; _builder_version=\u00bb4.5.1&#8243; background_size=\u00bbinitial\u00bb background_position=\u00bbtop_left\u00bb background_repeat=\u00bbrepeat\u00bb width=\u00bb100%\u00bb custom_padding=\u00bb0px||||false|false\u00bb][et_pb_column type=\u00bb1_2&#8243; _builder_version=\u00bb3.25&#8243; custom_padding=\u00bb|||\u00bb custom_padding__hover=\u00bb|||\u00bb][et_pb_wc_images sale_badge_color=\u00bb#d4ddf9&#8243; _builder_version=\u00bb4.4.8&#8243; sale_badge_text_color=\u00bb#000000&#8243; sale_badge_font_size=\u00bb18px\u00bb custom_margin=\u00bb|||30px|false|false\u00bb custom_margin_tablet=\u00bb\u00bb custom_margin_phone=\u00bb|||1px|false|false\u00bb custom_margin_last_edited=\u00bbon|phone\u00bb custom_padding=\u00bb|50px||50px|false|false\u00bb border_color_all_image=\u00bb#ffffff\u00bb][\/et_pb_wc_images][\/et_pb_column][et_pb_column type=\u00bb1_2&#8243; _builder_version=\u00bb4.5.1&#8243; positioning=\u00bbnone\u00bb position_origin_f=\u00bbtop_right\u00bb position_origin_a_tablet=\u00bb\u00bb position_origin_a_phone=\u00bb\u00bb position_origin_a_last_edited=\u00bbon|desktop\u00bb position_origin_f_tablet=\u00bb\u00bb position_origin_f_phone=\u00bb\u00bb position_origin_f_last_edited=\u00bbon|desktop\u00bb position_origin_r_tablet=\u00bb\u00bb position_origin_r_phone=\u00bb\u00bb position_origin_r_last_edited=\u00bbon|desktop\u00bb custom_padding=\u00bb|||90px|false|false\u00bb custom_padding_tablet=\u00bb1px|||1px|false|false\u00bb custom_padding_phone=\u00bb\u00bb custom_padding_last_edited=\u00bbon|tablet\u00bb scroll_vertical_motion_enable=\u00bbon\u00bb scroll_vertical_motion=\u00bb0|16|77|100|20|0|3&#8243; positioning_tablet=\u00bbnone\u00bb positioning_phone=\u00bb\u00bb positioning_last_edited=\u00bbon|desktop\u00bb scroll_vertical_motion_tablet=\u00bb0|16|77|100|0|0|0&#8243; scroll_vertical_motion_phone=\u00bb\u00bb scroll_vertical_motion_last_edited=\u00bbon|desktop\u00bb custom_padding__hover=\u00bb|||\u00bb][et_pb_wc_title _builder_version=\u00bb4.5.1&#8243; header_font=\u00bbLato||||||||\u00bb header_font_size=\u00bb27px\u00bb width_tablet=\u00bb\u00bb width_phone=\u00bb82%\u00bb width_last_edited=\u00bbon|phone\u00bb custom_margin=\u00bb||||false|false\u00bb custom_margin_tablet=\u00bb\u00bb custom_margin_phone=\u00bb|||43px|false|false\u00bb custom_margin_last_edited=\u00bbon|phone\u00bb][\/et_pb_wc_title][et_pb_wc_rating _builder_version=\u00bb4.5.1&#8243; rating_text_color=\u00bb#99b4b5&#8243; body_font=\u00bbLato||||||||\u00bb body_text_color=\u00bbrgba(0,0,0,0)\u00bb width_tablet=\u00bb\u00bb width_phone=\u00bb86%\u00bb width_last_edited=\u00bbon|phone\u00bb max_width_tablet=\u00bb\u00bb max_width_phone=\u00bb100%\u00bb max_width_last_edited=\u00bbon|phone\u00bb custom_margin=\u00bb-30px|0em|1.618em||false|false\u00bb custom_margin_tablet=\u00bb\u00bb custom_margin_phone=\u00bb-20px|10em|1.618em|45px|false|false\u00bb custom_margin_last_edited=\u00bbon|phone\u00bb rating_font_size_tablet=\u00bb\u00bb rating_font_size_phone=\u00bb21px\u00bb rating_font_size_last_edited=\u00bbon|phone\u00bb][\/et_pb_wc_rating][et_pb_wc_price _builder_version=\u00bb4.5.1&#8243; body_font=\u00bbABeeZee||||||||\u00bb body_font_size=\u00bb21px\u00bb before_sale_price_text_color=\u00bb#000000&#8243; before_sale_price_font_size=\u00bb20px\u00bb sale_price_font=\u00bb|300|||||||\u00bb sale_price_text_color=\u00bb#e02b20&#8243; width_tablet=\u00bb\u00bb width_phone=\u00bb88%\u00bb width_last_edited=\u00bbon|phone\u00bb custom_margin=\u00bb||||false|false\u00bb custom_margin_tablet=\u00bb\u00bb custom_margin_phone=\u00bb|||44px|false|false\u00bb custom_margin_last_edited=\u00bbon|phone\u00bb body_font_size_tablet=\u00bb\u00bb body_font_size_phone=\u00bb32px\u00bb body_font_size_last_edited=\u00bbon|phone\u00bb][\/et_pb_wc_price][et_pb_wc_add_to_cart _builder_version=\u00bb4.5.1&#8243; fields_background_color=\u00bb#ffffff\u00bb fields_text_color=\u00bb#000000&#8243; body_font=\u00bbLato||||||||\u00bb fields_font=\u00bbLato||||||||\u00bb fields_font_size=\u00bb16px\u00bb custom_button=\u00bbon\u00bb button_text_size=\u00bb14px\u00bb button_text_color=\u00bb#ffffff\u00bb button_bg_color=\u00bb#99b4b5&#8243; button_border_width=\u00bb0px\u00bb button_border_radius=\u00bb0px\u00bb button_letter_spacing=\u00bb1px\u00bb button_font=\u00bbLato|||on|||||\u00bb button_custom_padding=\u00bb10px|70px|10px|70px|false|false\u00bb button_custom_padding_tablet=\u00bb\u00bb button_custom_padding_phone=\u00bb|35px||35px|false|false\u00bb button_custom_padding_last_edited=\u00bbon|phone\u00bb width_tablet=\u00bb\u00bb width_phone=\u00bb88%\u00bb width_last_edited=\u00bbon|phone\u00bb custom_margin=\u00bb||||false|false\u00bb custom_margin_tablet=\u00bb\u00bb custom_margin_phone=\u00bb|||42px|false|false\u00bb custom_margin_last_edited=\u00bbon|phone\u00bb border_width_all_fields=\u00bb1px\u00bb][\/et_pb_wc_add_to_cart][et_pb_wc_description _builder_version=\u00bb4.5.1&#8243; body_font=\u00bbLato||||||||\u00bb body_font_size=\u00bb16px\u00bb custom_margin=\u00bb||||false|false\u00bb custom_margin_tablet=\u00bb\u00bb custom_margin_phone=\u00bb|30px||30px|false|false\u00bb custom_margin_last_edited=\u00bbon|phone\u00bb text_orientation_tablet=\u00bb\u00bb text_orientation_phone=\u00bbcenter\u00bb text_orientation_last_edited=\u00bbon|phone\u00bb][\/et_pb_wc_description][et_pb_wc_meta _builder_version=\u00bb4.5.1&#8243; body_font=\u00bbLato||||||||\u00bb width_tablet=\u00bb\u00bb width_phone=\u00bb96%\u00bb width_last_edited=\u00bbon|phone\u00bb custom_margin=\u00bb||||false|false\u00bb custom_margin_tablet=\u00bb\u00bb custom_margin_phone=\u00bb|20px||39px|false|false\u00bb custom_margin_last_edited=\u00bbon|phone\u00bb][\/et_pb_wc_meta][\/et_pb_column][\/et_pb_row][et_pb_row column_structure=\u00bb3_5,2_5&#8243; _builder_version=\u00bb4.5.1&#8243; width=\u00bb100%\u00bb max_width=\u00bb1270px\u00bb module_alignment=\u00bbcenter\u00bb custom_margin=\u00bb-116px||||false|false\u00bb][et_pb_column type=\u00bb3_5&#8243; _builder_version=\u00bb4.5.1&#8243; z_index=\u00bb60&#8243; custom_padding=\u00bb|||29px|false|false\u00bb custom_padding_tablet=\u00bb|||1px|false|false\u00bb custom_padding_phone=\u00bb\u00bb custom_padding_last_edited=\u00bbon|tablet\u00bb][et_pb_accordion open_toggle_text_color=\u00bb#000000&#8243; open_toggle_background_color=\u00bb#ffffff\u00bb closed_toggle_text_color=\u00bb#000000&#8243; closed_toggle_background_color=\u00bb#ffffff\u00bb icon_color=\u00bb#99b4b5&#8243; use_icon_font_size=\u00bbon\u00bb icon_font_size=\u00bb15px\u00bb module_id=\u00bbacordion\u00bb module_class=\u00bbmargin-bottom\u00bb _builder_version=\u00bb4.5.1&#8243; toggle_text_color=\u00bb#000000&#8243; toggle_font=\u00bbLato|||on|||||\u00bb toggle_font_size=\u00bb14px\u00bb closed_toggle_font=\u00bbLato||||||||\u00bb closed_toggle_font_size=\u00bb13px\u00bb closed_toggle_line_height=\u00bb3.6em\u00bb body_font=\u00bbLato||||||||\u00bb body_font_size=\u00bb15px\u00bb body_line_height=\u00bb1.6em\u00bb width=\u00bb100%\u00bb width_tablet=\u00bb\u00bb width_phone=\u00bb97%\u00bb width_last_edited=\u00bbon|phone\u00bb height_tablet=\u00bb\u00bb height_phone=\u00bb\u00bb height_last_edited=\u00bbon|phone\u00bb custom_margin=\u00bb-157px||||false|false\u00bb custom_margin_tablet=\u00bb1px||||false|false\u00bb custom_margin_phone=\u00bb|||6px|false|false\u00bb custom_margin_last_edited=\u00bbon|tablet\u00bb custom_padding=\u00bb||||false|false\u00bb custom_padding_tablet=\u00bb\u00bb custom_padding_phone=\u00bb15px||0px||false|false\u00bb custom_padding_last_edited=\u00bbon|phone\u00bb custom_css_toggle=\u00bbborder-width: 1px 0px;||margin-bottom: -4px;\u00bb border_width_all=\u00bb0px\u00bb border_width_top=\u00bb1px\u00bb border_width_bottom=\u00bb1px\u00bb custom_css_before_last_edited=\u00bbon|desktop\u00bb][et_pb_accordion_item title=\u00bb\u00bfPor qu\u00e9 te enamorar\u00e1?\u00bb open=\u00bboff\u00bb _builder_version=\u00bb4.5.1&#8243; toggle_font=\u00bb|||on|||||\u00bb]<\/p>\n<p>Este s\u00e9rum concentra los ingredientes m\u00e1s eficaces para despigmentar manchas con sublimes elementos de la selva amaz\u00f3nica que generan un resplandor saludable en tu piel. Act\u00faa a nivel de prevenci\u00f3n, exfoliaci\u00f3n de las manchas e inhibici\u00f3n de su formaci\u00f3n, por lo cual tendr\u00e1s una gran mezcla con muchos beneficios.<\/p>\n<p><strong>\ud83c\udf43Despigmentaci\u00f3n y luminosidad: <\/strong>\u00a0Ayuda a reducir manchitas de la piel sin irritar tu cutis.<\/p>\n<p>\ud83c\udf43<strong>Textura ligera y fluida:\u00a0<\/strong>Nuestro s\u00e9rum se absorbe muy f\u00e1cil sin dejarte la piel pesada.<\/p>\n<p>\ud83c\udf43<strong>D\u00eda y noche:\u00a0<\/strong>A diferencia de otros aclarantes nuestro s\u00e9rum tiene sus ingredientes muy estabilizados y al ser activos de \u00faltima generaci\u00f3n son muy seguros para su uso en el d\u00eda y no te va a manchar la piel. Por esta raz\u00f3n puedes aplicarlo d\u00eda y noche (2 veces al d\u00eda) haciendo m\u00e1s efectiva y r\u00e1pida su acci\u00f3n despigmentante. Es indispensable que utilices Protector solar SPF50+ al menos tres veces al d\u00eda.<\/p>\n<p>[\/et_pb_accordion_item][et_pb_accordion_item title=\u00bbActivos clave\u00bb _builder_version=\u00bb4.5.1&#8243; open=\u00bbon\u00bb]<\/p>\n<p>\ud83c\udf43<strong>Vitamina C: <\/strong><span style=\"font-family: 'Arial','sans-serif';\">Potente antioxidante capaz de neutralizar los radicales libres responsables del aumento de la formaci\u00f3n de melanina, por lo que act\u00faa a nivel preventivo y disminuye la intensidad de las manchas ya formadas.<\/span><\/p>\n<p style=\"margin: 0cm 0cm 0.0001pt; vertical-align: baseline; text-align: left;\" align=\"center\"><span style=\"font-family: 'Arial','sans-serif';\">\ud83c\udf43<strong>\u00c1cido glic\u00f3lico: <\/strong>Microexfolia de manera suave permitiendo as\u00ed la eliminaci\u00f3n de la piel con hiperpigmentaci\u00f3n.<\/span><\/p>\n<p style=\"text-align: left;\" align=\"center\"><span style=\"font-family: 'Arial','sans-serif';\">\ud83c\udf43<strong>\u00c1zucena, Uva y Uchuva: <\/strong>Este elixir antioxidante a<\/span>yuda a disminuir la hiperpigmentaci\u00f3n por acci\u00f3n inflamatoria. La uva y la uchuva contienen \u00e1cido urs\u00f3lico y Vitamina C que son potentes antimanchas.<\/p>\n<p style=\"text-align: left;\" align=\"center\">\ud83c\udf43 <strong>Arbutina:\u00a0<\/strong>Activo despigmentante muy eficaz que reduce la formaci\u00f3n de nuevas manchas y evita que se oscurezcan las que ya est\u00e1n formadas, ya que inhibe la enzima responsable de fomentar la producci\u00f3n de melanina en la piel.<\/p>\n<p style=\"text-align: left;\" align=\"center\">\ud83c\udf43 <strong>Niacinamida (Vitamina B3):<\/strong> Previene el oscurecimiento de manchas existentes\u00a0 y\u00a0 evita la formaci\u00f3n de nuevas manchas. Evita la transferencia de melanina a la piel, lo que se traduce en que tendremos una apariencia m\u00e1s clara.<\/p>\n<p>\ud83c\udf43 <strong>Cacay:<\/strong> Proveniente de la exhuberante Amazon\u00eda colombiana proporciona un efecto hidratante y regenerador que promueve la formaci\u00f3n de nuevas c\u00e9lulas sanas una vez se microexfolie la hiperpigmentaci\u00f3n.<\/p>\n<p>[\/et_pb_accordion_item][et_pb_accordion_item title=\u00bb\u00bfC\u00f3mo usarlo?\u00bb _builder_version=\u00bb4.5.1&#8243; open=\u00bboff\u00bb]<\/p>\n<p>\u2600\ufe0f En el d\u00eda: Con la piel limpia aplicar 3 a 4 gotas de tu S\u00e9rum Aclarante y luego de que tu piel lo haya absorbido completamente continua con tu rutina facial.<\/p>\n<p>Por favor utiliza sin falta Protector solar SPF50+ durante al menos 3 veces al d\u00eda. Evita exponerte al sol sin protecci\u00f3n, ya que la radiaci\u00f3n es la peor enemiga de las manchitas faciales y se dificultar\u00e1 que se aclaren, tambi\u00e9n provocar\u00e1 que salgan m\u00e1s.<\/p>\n<p>\ud83c\udf19 En la noche: Con la piel limpia aplicar de 4 a 5 gotas de tu S\u00e9rum Aclarante y luego de que tu piel lo haya absorbido completamente continua con tu rutina facial.<\/p>\n<p>&nbsp;<\/p>\n<p>[\/et_pb_accordion_item][et_pb_accordion_item title=\u00bb\u00bfPara qui\u00e9n?\u00bb _builder_version=\u00bb4.5.1&#8243; open=\u00bboff\u00bb]<\/p>\n<p>Es para ti si tienes alg\u00fan tipo de hiperpigmentaci\u00f3n facial causada por el sol y marcas del acn\u00e9.<\/p>\n<p>Lo pueden usar en piel seca, grasa o mixta desde la adolescencia.\u00a0Es muy efectivo para prevenir manchitas causadas por el acn\u00e9.<\/p>\n<p>Si tus manchas son causadas por desordenes hormonales, enfermedades, medicamentos o si est\u00e1s en etapa de embarazo, por favor consulta con tu dermat\u00f3logo, ya que aunque este producto no te har\u00e1 da\u00f1o, puede no ser efectivo para cumplir tus expectativas.<\/p>\n<p>[\/et_pb_accordion_item][et_pb_accordion_item title=\u00bbInfo env\u00edos\u00bb _builder_version=\u00bb4.5.1&#8243; open=\u00bboff\u00bb]<\/p>\n<p>Env\u00edos en todo Colombia. Una vez confirmado tu pedido y pago tu producto llegara a su direcci\u00f3n de destino en el siguiente tiempo:<\/p>\n<p><img decoding=\"async\" class=\"emoji\" role=\"img\" draggable=\"false\" src=\"https:\/\/s.w.org\/images\/core\/emoji\/12.0.0-1\/svg\/1f69a.svg\" alt=\"\ud83d\ude9a\" \/>\u00a0Ciudades principales: 2-4 d\u00edas h\u00e1biles<\/p>\n<p><img decoding=\"async\" class=\"emoji\" role=\"img\" draggable=\"false\" src=\"https:\/\/s.w.org\/images\/core\/emoji\/12.0.0-1\/svg\/1f69a.svg\" alt=\"\ud83d\ude9a\" \/>\u00a0Ciudades intermedias: 3-7 d\u00edas h\u00e1biles<\/p>\n<p><img decoding=\"async\" class=\"emoji\" role=\"img\" draggable=\"false\" src=\"https:\/\/s.w.org\/images\/core\/emoji\/12.0.0-1\/svg\/1f69a.svg\" alt=\"\ud83d\ude9a\" \/> Otros destinos: 4-9 d\u00edas h\u00e1biles<\/p>\n<p>*Env\u00edos gratis por compras superiores a $60.000 a ciudades principales e intermedias. Para los dem\u00e1s municipios el env\u00edo tiene un costo de $12.000.<\/p>\n<p>[\/et_pb_accordion_item][\/et_pb_accordion][\/et_pb_column][et_pb_column type=\u00bb2_5&#8243; _builder_version=\u00bb4.4.8&#8243;][\/et_pb_column][\/et_pb_row][\/et_pb_section][et_pb_section fb_built=\u00bb1&#8243; _builder_version=\u00bb4.5.1&#8243; _module_preset=\u00bbdefault\u00bb background_color=\u00bb#ffffff\u00bb z_index=\u00bb50&#8243;][et_pb_row _builder_version=\u00bb4.4.8&#8243; width=\u00bb100%\u00bb max_width=\u00bb1169px\u00bb][et_pb_column type=\u00bb4_4&#8243; _builder_version=\u00bb4.4.8&#8243;][et_pb_wc_reviews show_avatar=\u00bboff\u00bb _builder_version=\u00bb4.4.8&#8243; form_field_background_color=\u00bb#ffffff\u00bb form_field_text_color=\u00bb#000000&#8243; form_field_custom_margin=\u00bb||||false|false\u00bb form_field_custom_padding=\u00bb||||false|false\u00bb header_font=\u00bbLato||||||||\u00bb header_font_size=\u00bb22px\u00bb title_font=\u00bbLato|700|||||||\u00bb title_font_size=\u00bb15px\u00bb meta_font=\u00bbLato||||||||\u00bb meta_font_size=\u00bb16px\u00bb body_font=\u00bbLato||||||||\u00bb body_text_color=\u00bb#000000&#8243; rating_text_color=\u00bb#99b4b5&#8243; rating_font_size=\u00bb20px\u00bb form_field_font=\u00bbLato||||||||\u00bb form_field_font_size=\u00bb16px\u00bb custom_button=\u00bbon\u00bb button_text_size=\u00bb19px\u00bb button_text_color=\u00bb#ffffff\u00bb button_bg_color=\u00bb#99b4b5&#8243; button_border_width=\u00bb0px\u00bb button_font=\u00bbLato||||||||\u00bb button_custom_margin=\u00bb||||false|false\u00bb button_custom_padding=\u00bb|50px||50px|false|false\u00bb max_width=\u00bb90%\u00bb custom_margin_tablet=\u00bb\u00bb custom_margin_phone=\u00bb|||20px|false|false\u00bb custom_margin_last_edited=\u00bbon|phone\u00bb border_width_all_fields=\u00bb1px\u00bb][\/et_pb_wc_reviews][\/et_pb_column][\/et_pb_row][\/et_pb_section]<\/p>","protected":false},"excerpt":{"rendered":"<h6><span style=\"color: #008080;\"><strong>30 ml<\/strong><\/span><\/h6>\n<p><strong>Disminuye y aclara manchas faciales<\/strong><\/p>\n<p><strong>Unifica el tono de la piel<\/strong><\/p>\n<p><strong>Potente antioxidante<\/strong><\/p>\n<p>Si tu piel tiene manchas o eres propensa a desarrollarlas debes involucrar en tu rutina activos que te ayuden a unificar el tono de tu piel, aclarar la hiperpigmentaci\u00f3n\u00a0 ya existente y evitar que salgan nuevas manchitas. El sol empeora esta condici\u00f3n y el acn\u00e9 es una etapa por la que pasamos y tambi\u00e9n nos puede dejar cicatrices oscuras. Con nuestro Aclarante y despigmentante puedes lograr disminuir de manera muy efectiva estas imperfecciones cut\u00e1neas, previniendo tambi\u00e9n que salgan nuevas manchas. La vitamina C, extracto de azucena blanca, uva y uchuva ayudan a despigmentar la piel. El \u00e1cido glic\u00f3lico microexfolia suavemente la epidermis eliminando suave y paulatinamente piel sobrepigmentada. Fundamental el uso del protector solar.<\/p>","protected":false},"featured_media":2718,"comment_status":"open","ping_status":"closed","template":"","meta":{"_et_pb_use_builder":"on","_et_pb_old_content":"","_et_gb_content_width":"","content-type":""},"product_brand":[],"product_cat":[25,23],"product_tag":[],"class_list":{"0":"post-789","1":"product","2":"type-product","3":"status-publish","4":"has-post-thumbnail","6":"product_cat-cuidado-facial","7":"product_cat-leviu","9":"first","10":"instock","11":"sale","12":"featured","13":"taxable","14":"shipping-taxable","15":"purchasable","16":"product-type-simple"},"jetpack_sharing_enabled":true,"_links":{"self":[{"href":"https:\/\/leviu.co\/en\/wp-json\/wp\/v2\/product\/789","targetHints":{"allow":["GET"]}}],"collection":[{"href":"https:\/\/leviu.co\/en\/wp-json\/wp\/v2\/product"}],"about":[{"href":"https:\/\/leviu.co\/en\/wp-json\/wp\/v2\/types\/product"}],"replies":[{"embeddable":true,"href":"https:\/\/leviu.co\/en\/wp-json\/wp\/v2\/comments?post=789"}],"wp:featuredmedia":[{"embeddable":true,"href":"https:\/\/leviu.co\/en\/wp-json\/wp\/v2\/media\/2718"}],"wp:attachment":[{"href":"https:\/\/leviu.co\/en\/wp-json\/wp\/v2\/media?parent=789"}],"wp:term":[{"taxonomy":"product_brand","embeddable":true,"href":"https:\/\/leviu.co\/en\/wp-json\/wp\/v2\/product_brand?post=789"},{"taxonomy":"product_cat","embeddable":true,"href":"https:\/\/leviu.co\/en\/wp-json\/wp\/v2\/product_cat?post=789"},{"taxonomy":"product_tag","embeddable":true,"href":"https:\/\/leviu.co\/en\/wp-json\/wp\/v2\/product_tag?post=789"}],"curies":[{"name":"wp","href":"https:\/\/api.w.org\/{rel}","templated":true}]}}