{"id":797,"date":"2020-07-16T08:41:40","date_gmt":"2020-07-16T13:41:40","guid":{"rendered":"https:\/\/leviu.co\/?post_type=product&#038;p=797"},"modified":"2026-03-03T19:02:16","modified_gmt":"2026-03-04T00:02:16","slug":"jabon-hidratante-amazonico","status":"publish","type":"product","link":"https:\/\/leviu.co\/en\/product\/jabon-hidratante-amazonico\/","title":{"rendered":"Jab\u00f3n Hidratante Amaz\u00f3nico"},"content":{"rendered":"<p>[et_pb_section fb_built=\u00bb1&#8243; _builder_version=\u00bb4.4.8&#8243; width=\u00bb100%\u00bb max_width=\u00bb100%\u00bb module_alignment=\u00bbleft\u00bb custom_margin=\u00bb20px||||false|false\u00bb custom_margin_tablet=\u00bb\u00bb custom_margin_phone=\u00bb2px||||false|false\u00bb custom_margin_last_edited=\u00bbon|phone\u00bb custom_padding=\u00bb0px||||false|false\u00bb][et_pb_row column_structure=\u00bb1_2,1_2&#8243; _builder_version=\u00bb4.5.1&#8243; background_size=\u00bbinitial\u00bb background_position=\u00bbtop_left\u00bb background_repeat=\u00bbrepeat\u00bb width=\u00bb100%\u00bb custom_padding=\u00bb0px||||false|false\u00bb][et_pb_column type=\u00bb1_2&#8243; _builder_version=\u00bb3.25&#8243; custom_padding=\u00bb|||\u00bb custom_padding__hover=\u00bb|||\u00bb][et_pb_wc_images sale_badge_color=\u00bb#d4ddf9&#8243; _builder_version=\u00bb4.5.1&#8243; sale_badge_text_color=\u00bb#000000&#8243; sale_badge_font_size=\u00bb18px\u00bb custom_margin=\u00bb|||30px|false|false\u00bb custom_margin_tablet=\u00bb\u00bb custom_margin_phone=\u00bb|||1px|false|false\u00bb custom_margin_last_edited=\u00bbon|phone\u00bb custom_padding=\u00bb|50px||50px|false|false\u00bb border_color_all_image=\u00bb#ffffff\u00bb][\/et_pb_wc_images][\/et_pb_column][et_pb_column type=\u00bb1_2&#8243; _builder_version=\u00bb4.5.1&#8243; positioning=\u00bbnone\u00bb position_origin_f=\u00bbtop_right\u00bb z_index=\u00bb32&#8243; position_origin_a_tablet=\u00bb\u00bb position_origin_a_phone=\u00bb\u00bb position_origin_a_last_edited=\u00bbon|desktop\u00bb position_origin_f_tablet=\u00bb\u00bb position_origin_f_phone=\u00bb\u00bb position_origin_f_last_edited=\u00bbon|desktop\u00bb position_origin_r_tablet=\u00bb\u00bb position_origin_r_phone=\u00bb\u00bb position_origin_r_last_edited=\u00bbon|desktop\u00bb custom_padding=\u00bb|5px||90px|false|false\u00bb custom_padding_tablet=\u00bb1px|1px||1px|false|false\u00bb custom_padding_phone=\u00bb\u00bb custom_padding_last_edited=\u00bbon|desktop\u00bb scroll_vertical_motion_enable=\u00bbon\u00bb scroll_vertical_motion=\u00bb0|16|77|100|20|0|4&#8243; positioning_tablet=\u00bbnone\u00bb positioning_phone=\u00bbnone\u00bb positioning_last_edited=\u00bbon|desktop\u00bb scroll_vertical_motion_tablet=\u00bb\u00bb scroll_vertical_motion_phone=\u00bb\u00bb scroll_vertical_motion_last_edited=\u00bbon|desktop\u00bb custom_padding__hover=\u00bb|||\u00bb][et_pb_wc_title _builder_version=\u00bb4.5.1&#8243; header_font=\u00bbLato||||||||\u00bb header_font_size=\u00bb27px\u00bb width_tablet=\u00bb\u00bb width_phone=\u00bb82%\u00bb width_last_edited=\u00bbon|phone\u00bb custom_margin=\u00bb||||false|false\u00bb custom_margin_tablet=\u00bb\u00bb custom_margin_phone=\u00bb|||43px|false|false\u00bb custom_margin_last_edited=\u00bbon|phone\u00bb][\/et_pb_wc_title][et_pb_wc_rating _builder_version=\u00bb4.5.1&#8243; rating_text_color=\u00bb#d4ddf9&#8243; body_font=\u00bbLato||||||||\u00bb body_text_color=\u00bb#000000&#8243; width_tablet=\u00bb\u00bb width_phone=\u00bb86%\u00bb width_last_edited=\u00bbon|phone\u00bb max_width_tablet=\u00bb\u00bb max_width_phone=\u00bb100%\u00bb max_width_last_edited=\u00bbon|phone\u00bb custom_margin=\u00bb-30px|0em|1.618em||false|false\u00bb custom_margin_tablet=\u00bb\u00bb custom_margin_phone=\u00bb-20px|10em|1.618em|45px|false|false\u00bb custom_margin_last_edited=\u00bbon|phone\u00bb rating_font_size_tablet=\u00bb\u00bb rating_font_size_phone=\u00bb21px\u00bb rating_font_size_last_edited=\u00bbon|phone\u00bb][\/et_pb_wc_rating][et_pb_wc_price _builder_version=\u00bb4.5.1&#8243; body_font=\u00bbABeeZee||||||||\u00bb body_font_size=\u00bb21px\u00bb before_sale_price_text_color=\u00bb#000000&#8243; before_sale_price_font_size=\u00bb20px\u00bb sale_price_font=\u00bb|300|||||||\u00bb sale_price_text_color=\u00bb#e02b20&#8243; width_tablet=\u00bb\u00bb width_phone=\u00bb88%\u00bb width_last_edited=\u00bbon|phone\u00bb custom_margin=\u00bb||||false|false\u00bb custom_margin_tablet=\u00bb\u00bb custom_margin_phone=\u00bb|||44px|false|false\u00bb custom_margin_last_edited=\u00bbon|phone\u00bb body_font_size_tablet=\u00bb\u00bb body_font_size_phone=\u00bb32px\u00bb body_font_size_last_edited=\u00bbon|phone\u00bb][\/et_pb_wc_price][et_pb_wc_add_to_cart _builder_version=\u00bb4.5.1&#8243; fields_background_color=\u00bb#ffffff\u00bb fields_text_color=\u00bb#000000&#8243; body_font=\u00bbLato||||||||\u00bb fields_font=\u00bbLato||||||||\u00bb fields_font_size=\u00bb16px\u00bb custom_button=\u00bbon\u00bb button_text_size=\u00bb14px\u00bb button_text_color=\u00bb#ffffff\u00bb button_bg_color=\u00bb#99b4b5&#8243; button_border_width=\u00bb0px\u00bb button_border_radius=\u00bb0px\u00bb button_letter_spacing=\u00bb1px\u00bb button_font=\u00bbLato|||on|||||\u00bb button_custom_padding=\u00bb10px|70px|10px|70px|false|false\u00bb button_custom_padding_tablet=\u00bb\u00bb button_custom_padding_phone=\u00bb|35px||35px|false|false\u00bb button_custom_padding_last_edited=\u00bbon|phone\u00bb width_tablet=\u00bb\u00bb width_phone=\u00bb88%\u00bb width_last_edited=\u00bbon|phone\u00bb custom_margin=\u00bb||||false|false\u00bb custom_margin_tablet=\u00bb\u00bb custom_margin_phone=\u00bb|||42px|false|false\u00bb custom_margin_last_edited=\u00bbon|phone\u00bb border_width_all_fields=\u00bb1px\u00bb][\/et_pb_wc_add_to_cart][et_pb_wc_description _builder_version=\u00bb4.5.1&#8243; body_font=\u00bbLato||||||||\u00bb body_font_size=\u00bb16px\u00bb custom_margin=\u00bb||||false|false\u00bb custom_margin_tablet=\u00bb\u00bb custom_margin_phone=\u00bb|30px||30px|false|false\u00bb custom_margin_last_edited=\u00bbon|phone\u00bb text_orientation_tablet=\u00bb\u00bb text_orientation_phone=\u00bbcenter\u00bb text_orientation_last_edited=\u00bbon|phone\u00bb][\/et_pb_wc_description][et_pb_wc_meta _builder_version=\u00bb4.5.1&#8243; body_font=\u00bbLato||||||||\u00bb width_tablet=\u00bb\u00bb width_phone=\u00bb96%\u00bb width_last_edited=\u00bbon|phone\u00bb custom_margin=\u00bb||||false|false\u00bb custom_margin_tablet=\u00bb\u00bb custom_margin_phone=\u00bb|20px||39px|false|false\u00bb custom_margin_last_edited=\u00bbon|phone\u00bb][\/et_pb_wc_meta][\/et_pb_column][\/et_pb_row][et_pb_row column_structure=\u00bb3_5,2_5&#8243; _builder_version=\u00bb4.5.1&#8243; width=\u00bb100%\u00bb max_width=\u00bb1270px\u00bb module_alignment=\u00bbcenter\u00bb][et_pb_column type=\u00bb3_5&#8243; _builder_version=\u00bb4.5.1&#8243; custom_padding=\u00bb|||29px|false|false\u00bb custom_padding_tablet=\u00bb|||1px|false|false\u00bb custom_padding_phone=\u00bb|||1px|false|false\u00bb custom_padding_last_edited=\u00bbon|tablet\u00bb][et_pb_accordion open_toggle_text_color=\u00bb#000000&#8243; open_toggle_background_color=\u00bb#ffffff\u00bb closed_toggle_text_color=\u00bb#000000&#8243; closed_toggle_background_color=\u00bb#ffffff\u00bb icon_color=\u00bb#99b4b5&#8243; use_icon_font_size=\u00bbon\u00bb icon_font_size=\u00bb15px\u00bb module_id=\u00bbacordion\u00bb module_class=\u00bbmargin-bottom\u00bb _builder_version=\u00bb4.5.1&#8243; toggle_text_color=\u00bb#000000&#8243; toggle_font=\u00bbLato|||on|||||\u00bb toggle_font_size=\u00bb14px\u00bb closed_toggle_font=\u00bbLato||||||||\u00bb closed_toggle_font_size=\u00bb13px\u00bb closed_toggle_line_height=\u00bb3.6em\u00bb body_font=\u00bbLato||||||||\u00bb body_font_size=\u00bb15px\u00bb body_line_height=\u00bb1.6em\u00bb width=\u00bb100%\u00bb width_tablet=\u00bb\u00bb width_phone=\u00bb97%\u00bb width_last_edited=\u00bbon|phone\u00bb height_tablet=\u00bb\u00bb height_phone=\u00bb\u00bb height_last_edited=\u00bbon|phone\u00bb custom_margin=\u00bb-90px||||false|false\u00bb custom_margin_tablet=\u00bb1px||||false|false\u00bb custom_margin_phone=\u00bb|||6px|false|false\u00bb custom_margin_last_edited=\u00bbon|desktop\u00bb custom_padding=\u00bb||||false|false\u00bb custom_padding_tablet=\u00bb\u00bb custom_padding_phone=\u00bb15px||0px||false|false\u00bb custom_padding_last_edited=\u00bbon|phone\u00bb custom_css_toggle=\u00bbborder-width: 1px 0px;||margin-bottom: -4px;\u00bb border_width_all=\u00bb0px\u00bb border_width_top=\u00bb1px\u00bb border_width_bottom=\u00bb1px\u00bb custom_css_before_last_edited=\u00bbon|desktop\u00bb][et_pb_accordion_item title=\u00bb\u00bfPor qu\u00e9 te enamorar\u00e1?\u00bb open=\u00bbon\u00bb _builder_version=\u00bb4.5.1&#8243; toggle_font=\u00bb|||on|||||\u00bb]<\/p>\n<p>\ud83c\udf43Limpieza suave en cuerpo y rostro: Cremoso y delicado te ofrece una limpieza capaz de retirar suciedad de manera agradable.<\/p>\n<p>\ud83c\udf43Microexfolia: Sus suaves micropart\u00edculas provenientes de harina de sacha inchi renovar\u00e1n tu piel.<\/p>\n<p>\ud83c\udf43Hidrata: Sus \u00f3leos y mantequilla hidratar\u00e1n a profundidad la superficie de tu piel.<\/p>\n<p>[\/et_pb_accordion_item][et_pb_accordion_item title=\u00bbActivos clave\u00bb _builder_version=\u00bb4.5.1&#8243; open=\u00bboff\u00bb]<\/p>\n<p>\ud83c\udf43<strong>Aceite de sacha inchi:<\/strong> \u00d3leo finamente obtenido de semillas rico en omega 3 que aportar\u00e1 gran nutrici\u00f3n a la estructura lip\u00eddica de tu piel para evitar resequedad.<\/p>\n<p>\ud83c\udf43<strong>Mantequilla de copoaz\u00fa:<\/strong> Su deliciosa y cremosa textura hidratar\u00e1 y devolver\u00e1 la lozan\u00eda a tu rostro y cuerpo mientras tambi\u00e9n aporta nutrici\u00f3n por su contenido de omega 9 para mejorar la elasticidad de la piel. Aporta una emoliencia lujosa.<\/p>\n<p>\ud83c\udf43<strong>Harina de sacha inchi:<\/strong> Part\u00edculas suaves y delicadas remover\u00e1n a nivel superficial c\u00e9lulas muertas para as\u00ed promover la renovaci\u00f3n celular de tu piel en rostro y cuerpo.<\/p>\n<p>[\/et_pb_accordion_item][et_pb_accordion_item title=\u00bb\u00bfC\u00f3mo usarlo?\u00bb _builder_version=\u00bb4.5.1&#8243; open=\u00bboff\u00bb]<\/p>\n<p>\ud83d\udca6Sobre la piel h\u00fameda masajear suavemente con el jab\u00f3n hidratante amaz\u00f3nico y con las manos frotar cuidadosamente formando una cremosa y deliciosa espuma. Enjuagar con abundante agua fr\u00eda hasta retirar todo el jab\u00f3n. Seca tu piel con una toalla suave.<\/p>\n<p>[\/et_pb_accordion_item][et_pb_accordion_item title=\u00bb\u00bfPara qui\u00e9n?\u00bb _builder_version=\u00bb4.5.1&#8243; open=\u00bboff\u00bb]<\/p>\n<p>Es de uso diario para rostro y cuerpo para las pieles que requieren microexfoliaci\u00f3n suave; su uso mejorar\u00e1 la renovaci\u00f3n y lucidez de su piel gracias a que retira c\u00e9lulas muertas superficiales.<\/p>\n<p>[\/et_pb_accordion_item][et_pb_accordion_item title=\u00bbInfo env\u00edos\u00bb _builder_version=\u00bb4.5.1&#8243; open=\u00bboff\u00bb]<\/p>\n<p>Env\u00edos en todo Colombia. Una vez confirmado tu pedido y pago tu producto llegara a su direcci\u00f3n de destino en el siguiente tiempo:<\/p>\n<p><img decoding=\"async\" class=\"emoji\" role=\"img\" draggable=\"false\" src=\"https:\/\/s.w.org\/images\/core\/emoji\/12.0.0-1\/svg\/1f69a.svg\" alt=\"\ud83d\ude9a\" \/>\u00a0Ciudades principales: 2-4 d\u00edas h\u00e1biles<\/p>\n<p><img decoding=\"async\" class=\"emoji\" role=\"img\" draggable=\"false\" src=\"https:\/\/s.w.org\/images\/core\/emoji\/12.0.0-1\/svg\/1f69a.svg\" alt=\"\ud83d\ude9a\" \/>\u00a0Ciudades intermedias: 3-7 d\u00edas h\u00e1biles<\/p>\n<p><img decoding=\"async\" class=\"emoji\" role=\"img\" draggable=\"false\" src=\"https:\/\/s.w.org\/images\/core\/emoji\/12.0.0-1\/svg\/1f69a.svg\" alt=\"\ud83d\ude9a\" \/>\u00a0Otros destinos: 4-9 d\u00edas h\u00e1biles<\/p>\n<p>*Env\u00edos gratis por compras superiores a $60.000 a ciudades principales e intermedias. Para los dem\u00e1s municipios el env\u00edo tiene un costo de $12.000.<\/p>\n<p>[\/et_pb_accordion_item][\/et_pb_accordion][\/et_pb_column][et_pb_column type=\u00bb2_5&#8243; _builder_version=\u00bb4.4.8&#8243;][\/et_pb_column][\/et_pb_row][\/et_pb_section][et_pb_section fb_built=\u00bb1&#8243; _builder_version=\u00bb4.5.1&#8243; _module_preset=\u00bbdefault\u00bb background_color=\u00bb#ffffff\u00bb z_index=\u00bb51&#8243;][et_pb_row _builder_version=\u00bb4.4.8&#8243; width=\u00bb100%\u00bb max_width=\u00bb1169px\u00bb][et_pb_column type=\u00bb4_4&#8243; _builder_version=\u00bb4.4.8&#8243;][et_pb_wc_reviews show_avatar=\u00bboff\u00bb _builder_version=\u00bb4.4.8&#8243; form_field_background_color=\u00bb#ffffff\u00bb form_field_text_color=\u00bb#000000&#8243; form_field_custom_margin=\u00bb||||false|false\u00bb form_field_custom_padding=\u00bb||||false|false\u00bb header_font=\u00bbLato||||||||\u00bb header_font_size=\u00bb22px\u00bb title_font=\u00bbLato|700|||||||\u00bb title_font_size=\u00bb15px\u00bb meta_font=\u00bbLato||||||||\u00bb meta_font_size=\u00bb16px\u00bb body_font=\u00bbLato||||||||\u00bb body_text_color=\u00bb#000000&#8243; rating_text_color=\u00bb#99b4b5&#8243; rating_font_size=\u00bb20px\u00bb form_field_font=\u00bbLato||||||||\u00bb form_field_font_size=\u00bb16px\u00bb custom_button=\u00bbon\u00bb button_text_size=\u00bb19px\u00bb button_text_color=\u00bb#ffffff\u00bb button_bg_color=\u00bb#99b4b5&#8243; button_border_width=\u00bb0px\u00bb button_font=\u00bbLato||||||||\u00bb button_custom_margin=\u00bb||||false|false\u00bb button_custom_padding=\u00bb|50px||50px|false|false\u00bb max_width=\u00bb90%\u00bb custom_margin_tablet=\u00bb\u00bb custom_margin_phone=\u00bb|||20px|false|false\u00bb custom_margin_last_edited=\u00bbon|phone\u00bb border_width_all_fields=\u00bb1px\u00bb][\/et_pb_wc_reviews][\/et_pb_column][\/et_pb_row][\/et_pb_section]<\/p>","protected":false},"excerpt":{"rendered":"<h6><span style=\"color: #008080;\"><strong>70 g<\/strong><\/span><\/h6>\n<p><strong>Limpieza y microexfoliaci\u00f3n suave de piel en rostro y cuerpo<\/strong><\/p>\n<p><strong>Hidrata suavemente<\/strong><\/p>\n<p>La limpieza de tu rostro en el d\u00eda y en la noche asegurar\u00e1 que tu rutina facial funcione mejor ya que los activos de tu rutina tendr\u00e1n m\u00e1s eficacia sobre un cutis limpio y tambi\u00e9n retirar\u00e1 impurezas y suciedad que puede obstruir poros. Una microexfoliaci\u00f3n muy suave por la harina de Sacha Inchi rica en prote\u00ednas mantiene el equilibrio natural y renovaci\u00f3n de tu piel. Ofrece una limpieza combinada con la sabidur\u00eda ancestral amaz\u00f3nica por su combinaci\u00f3n con aceite de sacha inchi y copoaz\u00fa protegiendo y manteniendo tu bienestar. Hidrata, microexfolia y renueva la barrera natural d\u00e9rmica mejorando su elasticidad.<\/p>","protected":false},"featured_media":2731,"comment_status":"open","ping_status":"closed","template":"","meta":{"_et_pb_use_builder":"on","_et_pb_old_content":"","_et_gb_content_width":"","content-type":""},"product_brand":[],"product_cat":[26,25,23],"product_tag":[],"class_list":{"0":"post-797","1":"product","2":"type-product","3":"status-publish","4":"has-post-thumbnail","6":"product_cat-cuidado-corporal","7":"product_cat-cuidado-facial","8":"product_cat-leviu","10":"first","11":"instock","12":"sale","13":"taxable","14":"shipping-taxable","15":"purchasable","16":"product-type-simple"},"jetpack_sharing_enabled":true,"_links":{"self":[{"href":"https:\/\/leviu.co\/en\/wp-json\/wp\/v2\/product\/797","targetHints":{"allow":["GET"]}}],"collection":[{"href":"https:\/\/leviu.co\/en\/wp-json\/wp\/v2\/product"}],"about":[{"href":"https:\/\/leviu.co\/en\/wp-json\/wp\/v2\/types\/product"}],"replies":[{"embeddable":true,"href":"https:\/\/leviu.co\/en\/wp-json\/wp\/v2\/comments?post=797"}],"wp:featuredmedia":[{"embeddable":true,"href":"https:\/\/leviu.co\/en\/wp-json\/wp\/v2\/media\/2731"}],"wp:attachment":[{"href":"https:\/\/leviu.co\/en\/wp-json\/wp\/v2\/media?parent=797"}],"wp:term":[{"taxonomy":"product_brand","embeddable":true,"href":"https:\/\/leviu.co\/en\/wp-json\/wp\/v2\/product_brand?post=797"},{"taxonomy":"product_cat","embeddable":true,"href":"https:\/\/leviu.co\/en\/wp-json\/wp\/v2\/product_cat?post=797"},{"taxonomy":"product_tag","embeddable":true,"href":"https:\/\/leviu.co\/en\/wp-json\/wp\/v2\/product_tag?post=797"}],"curies":[{"name":"wp","href":"https:\/\/api.w.org\/{rel}","templated":true}]}}