{"id":805,"date":"2020-07-16T09:05:01","date_gmt":"2020-07-16T14:05:01","guid":{"rendered":"https:\/\/leviu.co\/?post_type=product&#038;p=805"},"modified":"2026-03-03T19:00:33","modified_gmt":"2026-03-04T00:00:33","slug":"kit-piel-mixta","status":"publish","type":"product","link":"https:\/\/leviu.co\/en\/product\/kit-piel-mixta\/","title":{"rendered":"Kit Piel Mixta"},"content":{"rendered":"<p>[et_pb_section fb_built=\u00bb1&#8243; _builder_version=\u00bb4.4.8&#8243; width=\u00bb100%\u00bb max_width=\u00bb100%\u00bb module_alignment=\u00bbleft\u00bb custom_margin=\u00bb20px||||false|false\u00bb custom_margin_tablet=\u00bb\u00bb custom_margin_phone=\u00bb2px||||false|false\u00bb custom_margin_last_edited=\u00bbon|phone\u00bb custom_padding=\u00bb0px||||false|false\u00bb][et_pb_row column_structure=\u00bb1_2,1_2&#8243; _builder_version=\u00bb4.5.1&#8243; background_size=\u00bbinitial\u00bb background_position=\u00bbtop_left\u00bb background_repeat=\u00bbrepeat\u00bb width=\u00bb100%\u00bb custom_padding=\u00bb0px||||false|false\u00bb][et_pb_column type=\u00bb1_2&#8243; _builder_version=\u00bb3.25&#8243; custom_padding=\u00bb|||\u00bb custom_padding__hover=\u00bb|||\u00bb][et_pb_wc_images sale_badge_color=\u00bbrgba(212,221,249,0)\u00bb _builder_version=\u00bb4.5.1&#8243; sale_badge_text_color=\u00bbrgba(0,0,0,0)\u00bb sale_badge_font_size=\u00bb18px\u00bb custom_margin=\u00bb|||30px|false|false\u00bb custom_margin_tablet=\u00bb\u00bb custom_margin_phone=\u00bb|||1px|false|false\u00bb custom_margin_last_edited=\u00bbon|phone\u00bb custom_padding=\u00bb|50px||50px|false|false\u00bb border_color_all_image=\u00bb#ffffff\u00bb][\/et_pb_wc_images][\/et_pb_column][et_pb_column type=\u00bb1_2&#8243; _builder_version=\u00bb4.5.1&#8243; custom_padding=\u00bb|||90px|false|false\u00bb custom_padding_tablet=\u00bb|50px||50px|false|false\u00bb custom_padding_phone=\u00bb|1px||1px|false|false\u00bb custom_padding_last_edited=\u00bbon|desktop\u00bb scroll_vertical_motion_enable=\u00bbon\u00bb scroll_vertical_motion=\u00bb0|16|77|100|20|0|2&#8243; scroll_vertical_motion_tablet=\u00bb0|50|50|100|0|0|0&#8243; scroll_vertical_motion_phone=\u00bb\u00bb scroll_vertical_motion_last_edited=\u00bbon|tablet\u00bb custom_padding__hover=\u00bb|||\u00bb][et_pb_wc_title _builder_version=\u00bb4.5.1&#8243; header_font=\u00bbLato||||||||\u00bb header_font_size=\u00bb27px\u00bb width_tablet=\u00bb\u00bb width_phone=\u00bb82%\u00bb width_last_edited=\u00bbon|phone\u00bb custom_margin=\u00bb||||false|false\u00bb custom_margin_tablet=\u00bb\u00bb custom_margin_phone=\u00bb|||43px|false|false\u00bb custom_margin_last_edited=\u00bbon|phone\u00bb][\/et_pb_wc_title][et_pb_wc_rating _builder_version=\u00bb4.5.1&#8243; rating_text_color=\u00bb#99b4b5&#8243; body_font=\u00bbLato||||||||\u00bb body_text_color=\u00bbrgba(0,0,0,0)\u00bb width_tablet=\u00bb\u00bb width_phone=\u00bb86%\u00bb width_last_edited=\u00bbon|phone\u00bb max_width_tablet=\u00bb\u00bb max_width_phone=\u00bb100%\u00bb max_width_last_edited=\u00bbon|phone\u00bb custom_margin=\u00bb-30px|0em|1.618em||false|false\u00bb custom_margin_tablet=\u00bb\u00bb custom_margin_phone=\u00bb-20px|10em|1.618em|45px|false|false\u00bb custom_margin_last_edited=\u00bbon|phone\u00bb rating_font_size_tablet=\u00bb\u00bb rating_font_size_phone=\u00bb21px\u00bb rating_font_size_last_edited=\u00bbon|phone\u00bb][\/et_pb_wc_rating][et_pb_wc_price _builder_version=\u00bb4.5.1&#8243; body_font=\u00bbABeeZee||||||||\u00bb body_font_size=\u00bb21px\u00bb before_sale_price_text_color=\u00bb#000000&#8243; before_sale_price_font_size=\u00bb20px\u00bb sale_price_font=\u00bb|300|||||||\u00bb sale_price_text_color=\u00bb#6eafb5&#8243; width_tablet=\u00bb\u00bb width_phone=\u00bb88%\u00bb width_last_edited=\u00bbon|phone\u00bb custom_margin=\u00bb||||false|false\u00bb custom_margin_tablet=\u00bb\u00bb custom_margin_phone=\u00bb|||44px|false|false\u00bb custom_margin_last_edited=\u00bbon|phone\u00bb body_font_size_tablet=\u00bb\u00bb body_font_size_phone=\u00bb32px\u00bb body_font_size_last_edited=\u00bbon|phone\u00bb][\/et_pb_wc_price][et_pb_wc_add_to_cart _builder_version=\u00bb4.5.1&#8243; fields_background_color=\u00bb#ffffff\u00bb fields_text_color=\u00bb#000000&#8243; body_font=\u00bbLato||||||||\u00bb fields_font=\u00bbLato||||||||\u00bb fields_font_size=\u00bb16px\u00bb custom_button=\u00bbon\u00bb button_text_size=\u00bb14px\u00bb button_text_color=\u00bb#ffffff\u00bb button_bg_color=\u00bb#99b4b5&#8243; button_border_width=\u00bb0px\u00bb button_border_radius=\u00bb0px\u00bb button_letter_spacing=\u00bb1px\u00bb button_font=\u00bbLato|||on|||||\u00bb button_custom_padding=\u00bb10px|70px|10px|70px|false|false\u00bb button_custom_padding_tablet=\u00bb\u00bb button_custom_padding_phone=\u00bb|35px||35px|false|false\u00bb button_custom_padding_last_edited=\u00bbon|phone\u00bb width_tablet=\u00bb\u00bb width_phone=\u00bb88%\u00bb width_last_edited=\u00bbon|phone\u00bb custom_margin=\u00bb||||false|false\u00bb custom_margin_tablet=\u00bb\u00bb custom_margin_phone=\u00bb|||42px|false|false\u00bb custom_margin_last_edited=\u00bbon|phone\u00bb border_width_all_fields=\u00bb1px\u00bb][\/et_pb_wc_add_to_cart][et_pb_wc_description _builder_version=\u00bb4.5.1&#8243; body_font=\u00bbLato||||||||\u00bb body_font_size=\u00bb16px\u00bb custom_margin=\u00bb||||false|false\u00bb custom_margin_tablet=\u00bb\u00bb custom_margin_phone=\u00bb|30px||30px|false|false\u00bb custom_margin_last_edited=\u00bbon|phone\u00bb text_orientation_tablet=\u00bb\u00bb text_orientation_phone=\u00bbcenter\u00bb text_orientation_last_edited=\u00bbon|phone\u00bb][\/et_pb_wc_description][et_pb_wc_meta _builder_version=\u00bb4.5.1&#8243; body_font=\u00bbLato||||||||\u00bb width_tablet=\u00bb\u00bb width_phone=\u00bb96%\u00bb width_last_edited=\u00bbon|phone\u00bb custom_margin=\u00bb||||false|false\u00bb custom_margin_tablet=\u00bb\u00bb custom_margin_phone=\u00bb|20px||39px|false|false\u00bb custom_margin_last_edited=\u00bbon|phone\u00bb][\/et_pb_wc_meta][\/et_pb_column][\/et_pb_row][et_pb_row column_structure=\u00bb3_5,2_5&#8243; _builder_version=\u00bb4.5.1&#8243; width=\u00bb100%\u00bb max_width=\u00bb1270px\u00bb module_alignment=\u00bbcenter\u00bb][et_pb_column type=\u00bb3_5&#8243; _builder_version=\u00bb4.5.1&#8243; custom_padding=\u00bb|||29px|false|false\u00bb custom_padding_tablet=\u00bb\u00bb custom_padding_phone=\u00bb|||1px|false|false\u00bb custom_padding_last_edited=\u00bbon|phone\u00bb][et_pb_accordion open_toggle_text_color=\u00bb#000000&#8243; open_toggle_background_color=\u00bb#ffffff\u00bb closed_toggle_text_color=\u00bb#000000&#8243; closed_toggle_background_color=\u00bb#ffffff\u00bb icon_color=\u00bb#99b4b5&#8243; use_icon_font_size=\u00bbon\u00bb icon_font_size=\u00bb15px\u00bb module_id=\u00bbacordion\u00bb module_class=\u00bbmargin-bottom\u00bb _builder_version=\u00bb4.5.1&#8243; toggle_text_color=\u00bb#000000&#8243; toggle_font=\u00bbLato|||on|||||\u00bb toggle_font_size=\u00bb14px\u00bb closed_toggle_font=\u00bbLato||||||||\u00bb closed_toggle_font_size=\u00bb13px\u00bb closed_toggle_line_height=\u00bb3.6em\u00bb body_font=\u00bbLato||||||||\u00bb body_font_size=\u00bb15px\u00bb body_line_height=\u00bb1.6em\u00bb width=\u00bb100%\u00bb width_tablet=\u00bb\u00bb width_phone=\u00bb97%\u00bb width_last_edited=\u00bbon|phone\u00bb height_tablet=\u00bb\u00bb height_phone=\u00bb\u00bb height_last_edited=\u00bbon|phone\u00bb custom_margin=\u00bb-233px||||false|false\u00bb custom_margin_tablet=\u00bb1px||||false|false\u00bb custom_margin_phone=\u00bb|||6px|false|false\u00bb custom_margin_last_edited=\u00bbon|tablet\u00bb custom_padding=\u00bb||||false|false\u00bb custom_padding_tablet=\u00bb\u00bb custom_padding_phone=\u00bb15px||0px||false|false\u00bb custom_padding_last_edited=\u00bbon|phone\u00bb custom_css_toggle=\u00bbborder-width: 1px 0px;||margin-bottom: -4px;\u00bb border_width_all=\u00bb0px\u00bb border_width_top=\u00bb1px\u00bb border_width_bottom=\u00bb1px\u00bb custom_css_before_last_edited=\u00bbon|desktop\u00bb][et_pb_accordion_item title=\u00bb\u00bfPor qu\u00e9 te enamorar\u00e1?\u00bb open=\u00bbon\u00bb _builder_version=\u00bb4.5.1&#8243; toggle_font=\u00bb|||on|||||\u00bb]<\/p>\n<p>\ud83c\udf43<strong>Regulaci\u00f3n suave del exceso de sebo con acci\u00f3n astringente delicada:<\/strong> Aunque puedes tener un desequilibrio a nivel de \u00f3leo en tu zona T, recuerda que el resto de tu rostro puedes llegar a secarse. Por ello la clave est\u00e1 en mantener el equilibrio.<\/p>\n<p>\ud83c\udf43<strong>Hidrataci\u00f3n y humectaci\u00f3n profunda:<\/strong> Todo tu rostro incluyendo muy especialmente la zona T debe estar hidratado ya que as\u00ed ayudas a regular las funciones metab\u00f3licas de tu epidermis.<\/p>\n<p>\ud83c\udf43<b>Limpieza y eliminaci\u00f3n de micropart\u00edculas en poros:\u00a0<\/b>Esta rutina te ayudar\u00e1 a desincrustar poluci\u00f3n y suciedad en los poros para que tu piel este m\u00e1s descongestionada.<\/p>\n<p>[\/et_pb_accordion_item][et_pb_accordion_item title=\u00bbActivos clave\u00bb _builder_version=\u00bb4.5.1&#8243; open=\u00bboff\u00bb]<\/p>\n<p><strong>Jab\u00f3n amaz\u00f3nico <\/strong>para limpieza que contiene:<\/p>\n<p><img decoding=\"async\" class=\"emoji\" role=\"img\" draggable=\"false\" src=\"https:\/\/s.w.org\/images\/core\/emoji\/12.0.0-1\/svg\/1f343.svg\" alt=\"\ud83c\udf43\" \/><strong>Aceite de sacha inchi:<\/strong>\u00a0\u00d3leo finamente obtenido de semillas rico en omega 3 que aportar\u00e1 gran nutrici\u00f3n a la estructura lip\u00eddica de tu piel para evitar resequedad.<\/p>\n<p><img decoding=\"async\" class=\"emoji\" role=\"img\" draggable=\"false\" src=\"https:\/\/s.w.org\/images\/core\/emoji\/12.0.0-1\/svg\/1f343.svg\" alt=\"\ud83c\udf43\" \/><strong>Mantequilla de copoaz\u00fa:<\/strong> Su deliciosa y cremosa textura hidratara y devolver\u00e1 la lozan\u00eda a tu rostro y cuerpo mientras tambi\u00e9n aporta nutrici\u00f3n por su contenido de omega 9 para mejorar la elasticidad de la piel. Aporta una emoliencia de lujo.<\/p>\n<p><img decoding=\"async\" class=\"emoji\" role=\"img\" draggable=\"false\" src=\"https:\/\/s.w.org\/images\/core\/emoji\/12.0.0-1\/svg\/1f343.svg\" alt=\"\ud83c\udf43\" \/><strong>Harina de sacha inchi:<\/strong>\u00a0Part\u00edculas suaves y delicadas remover\u00e1n a nivel superficial c\u00e9lulas muertas para as\u00ed promover la renovaci\u00f3n celular de tu piel en rostro y cuerpo.<\/p>\n<p><strong>\u00c1cido hialur\u00f3nico y Vitamina C<\/strong> para hidrataci\u00f3n que contiene:<\/p>\n<p><img decoding=\"async\" class=\"emoji\" role=\"img\" draggable=\"false\" src=\"https:\/\/s.w.org\/images\/core\/emoji\/12.0.0-1\/svg\/1f343.svg\" alt=\"\ud83c\udf43\" \/><strong>\u00c1cido hialur\u00f3nico + Silicio org\u00e1nico:<\/strong> Restauran la hidrataci\u00f3n natural de la piel. El silicio org\u00e1nico mantiene las fibras de col\u00e1geno unidas, proporcionando gran elasticidad en la piel, estimula a la dermis para sintetizar m\u00e1s col\u00e1geno y mejorar la estructura y firmeza de la piel, por lo cual disminuye muy eficazmente las arrugas y l\u00edneas de expresi\u00f3n.<\/p>\n<p><img decoding=\"async\" class=\"emoji\" role=\"img\" draggable=\"false\" src=\"https:\/\/s.w.org\/images\/core\/emoji\/12.0.0-1\/svg\/1f343.svg\" alt=\"\ud83c\udf43\" \/><strong>Camu camu:<\/strong>\u00a0Fruta exuberante con muy alto contenido de Vitamina C (aprox.2400mg\/100g) lo que le otorga gran poder antioxidante y regenerante ya que la Vitamina C esta implicada en la producci\u00f3n end\u00f3gena de Col\u00e1geno. Previene el envejecimiento prematuro y combate radicales libres. Una maravilla del amazonas colombiano.<\/p>\n<p><strong>Mascarilla Frutos amaz\u00f3nicos<\/strong> como refuerzo semanal, astringente suave que contiene:<\/p>\n<p><img decoding=\"async\" class=\"emoji\" role=\"img\" draggable=\"false\" src=\"https:\/\/s.w.org\/images\/core\/emoji\/12.0.0-1\/svg\/1f343.svg\" alt=\"\ud83c\udf43\" \/><strong>Mix Cacay, Sacha inchi y Mirit\u00ed:<\/strong> Esta deliciosa mezcla aporta gran cantidad de Omega 3, 6 y 9, Vitamina A y Vitamina E para revitalizar tu piel. Tiene propiedades regenerantes y su contenido de \u00e1cidos grasos esenciales promueve la activaci\u00f3n metab\u00f3lica de las c\u00e9lulas de la piel. Cutis sano y nutrido.<\/p>\n<p><img decoding=\"async\" class=\"emoji\" role=\"img\" draggable=\"false\" src=\"https:\/\/s.w.org\/images\/core\/emoji\/12.0.0-1\/svg\/1f343.svg\" alt=\"\ud83c\udf43\" \/><strong>Mix Frutos amaz\u00f3nicos:\u00a0<\/strong>Frutos recolectados de manera artesanal por nuestras comunidades campesinas que luego son procesados en una extracci\u00f3n muy pura que condensa las mejores cualidades de cada fruto. Aporta flavonoides, carotenos, vitamina C y otros antioxidantes que neutralizan los efectos negativos de radicales libres en tu piel. Mejora la lozan\u00eda y nutrici\u00f3n del rostro.<\/p>\n<p>[\/et_pb_accordion_item][et_pb_accordion_item title=\u00bb\u00bfC\u00f3mo usarlo?\u00bb _builder_version=\u00bb4.5.1&#8243; open=\u00bboff\u00bb]<\/p>\n<p><img decoding=\"async\" class=\"emoji\" role=\"img\" draggable=\"false\" src=\"https:\/\/s.w.org\/images\/core\/emoji\/12.0.0-1\/svg\/1f4a6.svg\" alt=\"\ud83d\udca6\" \/><strong>Limpieza:<\/strong> Sobre la piel h\u00fameda masajear suavemente con el jab\u00f3n hidratante amaz\u00f3nico y con las manos frotar cuidadosamente formando una cremosa y deliciosa espuma. Enjuagar con abundante agua fr\u00eda hasta retirar todo el jab\u00f3n. Seca tu piel con una toalla suave. Este paso debe seguirse todos los d\u00edas en la ma\u00f1ana y en la noche.<\/p>\n<p><img decoding=\"async\" class=\"emoji\" role=\"img\" draggable=\"false\" src=\"https:\/\/s.w.org\/images\/core\/emoji\/12.0.0-1\/svg\/1f4a6.svg\" alt=\"\ud83d\udca6\" \/><strong>Hidrataci\u00f3n:<\/strong> Con la piel muy limpia colocar de 4 a 5 gotas en el rostro, masajea dej\u00e1ndote seducir por su textura deliciosa hasta que se absorba el s\u00e9rum. Este paso debe seguirse todos los d\u00edas en la ma\u00f1ana y en la noche.<\/p>\n<p>\u2600\ufe0fEn el d\u00eda siempre protege tu piel con Bloqueador solar y replica al menos 3 veces al d\u00eda. Busca texturas fluidas y gel.<\/p>\n<p>\ud83c\udf33<strong>Mascarilla Frutos amaz\u00f3nicos:\u00a0 <\/strong>Con una brocha o palita aplicar suavemente sobre el rostro una capa uniforme. No apliques cerca a tu contorno de ojos ya que esta zona es muy delicada. \u00dasala as\u00ed:<\/p>\n<p>Dejar actuar durante 10 minutos y luego enjuaga con abundante agua hasta retirar toda la mascarilla.<\/p>\n<p>Frecuencia de uso: 1 vez por semana<\/p>\n<p>Conservar en un lugar seco y fresco. Una vez usado por favor tapa bien el producto para evitar que se da\u00f1e.<\/p>\n<p><img decoding=\"async\" class=\"emoji\" role=\"img\" draggable=\"false\" src=\"https:\/\/s.w.org\/images\/core\/emoji\/12.0.0-1\/svg\/1f6ab.svg\" alt=\"\ud83d\udeab\" \/>\u00a0Precauci\u00f3n: No apliques agua ni otros ingredientes directamente sobre el empaque original del producto, ya que esto da\u00f1ara la mascarilla.<\/p>\n<p>[\/et_pb_accordion_item][et_pb_accordion_item title=\u00bbInfo env\u00edos\u00bb _builder_version=\u00bb4.5.1&#8243; open=\u00bboff\u00bb]<\/p>\n<p>Env\u00edos a toda Colombia. Una vez confirmado tu pedido y pago tu producto llegara a su direcci\u00f3n de destino en el siguiente tiempo:<\/p>\n<p><img decoding=\"async\" class=\"emoji\" role=\"img\" draggable=\"false\" src=\"https:\/\/s.w.org\/images\/core\/emoji\/12.0.0-1\/svg\/1f69a.svg\" alt=\"\ud83d\ude9a\" \/>\u00a0Ciudades principales: 2-4 d\u00edas h\u00e1biles<\/p>\n<p><img decoding=\"async\" class=\"emoji\" role=\"img\" draggable=\"false\" src=\"https:\/\/s.w.org\/images\/core\/emoji\/12.0.0-1\/svg\/1f69a.svg\" alt=\"\ud83d\ude9a\" \/>\u00a0Ciudades intermedias: 3-7 d\u00edas h\u00e1biles<\/p>\n<p><img decoding=\"async\" class=\"emoji\" role=\"img\" draggable=\"false\" src=\"https:\/\/s.w.org\/images\/core\/emoji\/12.0.0-1\/svg\/1f69a.svg\" alt=\"\ud83d\ude9a\" \/>\u00a0Otros destinos: 4-9 d\u00edas h\u00e1biles<\/p>\n<p>*Env\u00edos gratis por compras superiores a $60.000 a ciudades principales e intermedias. Para los dem\u00e1s municipios el env\u00edo tiene un costo de $12.000.<\/p>\n<p>[\/et_pb_accordion_item][\/et_pb_accordion][\/et_pb_column][et_pb_column type=\u00bb2_5&#8243; _builder_version=\u00bb4.4.8&#8243;][\/et_pb_column][\/et_pb_row][et_pb_row _builder_version=\u00bb4.4.8&#8243; width=\u00bb100%\u00bb max_width=\u00bb1169px\u00bb][et_pb_column type=\u00bb4_4&#8243; _builder_version=\u00bb4.4.8&#8243;][et_pb_wc_reviews show_avatar=\u00bboff\u00bb _builder_version=\u00bb4.4.8&#8243; form_field_background_color=\u00bb#ffffff\u00bb form_field_text_color=\u00bb#000000&#8243; form_field_custom_margin=\u00bb||||false|false\u00bb form_field_custom_padding=\u00bb||||false|false\u00bb header_font=\u00bbLato||||||||\u00bb header_font_size=\u00bb22px\u00bb title_font=\u00bbLato|700|||||||\u00bb title_font_size=\u00bb15px\u00bb meta_font=\u00bbLato||||||||\u00bb meta_font_size=\u00bb16px\u00bb body_font=\u00bbLato||||||||\u00bb body_text_color=\u00bb#000000&#8243; rating_text_color=\u00bb#99b4b5&#8243; rating_font_size=\u00bb20px\u00bb form_field_font=\u00bbLato||||||||\u00bb form_field_font_size=\u00bb16px\u00bb custom_button=\u00bbon\u00bb button_text_size=\u00bb19px\u00bb button_text_color=\u00bb#ffffff\u00bb button_bg_color=\u00bb#99b4b5&#8243; button_border_width=\u00bb0px\u00bb button_font=\u00bbLato||||||||\u00bb button_custom_margin=\u00bb||||false|false\u00bb button_custom_padding=\u00bb|50px||50px|false|false\u00bb max_width=\u00bb90%\u00bb custom_margin_tablet=\u00bb\u00bb custom_margin_phone=\u00bb|||20px|false|false\u00bb custom_margin_last_edited=\u00bbon|phone\u00bb border_width_all_fields=\u00bb1px\u00bb][\/et_pb_wc_reviews][\/et_pb_column][\/et_pb_row][\/et_pb_section]<\/p>","protected":false},"excerpt":{"rendered":"<p>Es dif\u00edcil encontrar una rutina que mantenga el equilibrio de hidrataci\u00f3n facial y la regulaci\u00f3n del sebo en la zona T (frente, nariz y ment\u00f3n). La piel mixta se caracteriza por tener dos tipos de condiciones en el rostro: Zona T con exceso de grasa y mejillas tal vez un poco secas. Sin embargo la clave est\u00e1 en una rutina simple y suave as\u00ed:<\/p>\n<p><strong>Limpieza facial:<\/strong> Nuestro\u00a0<a href=\"http:\/\/limpio.leviu.co\/producto\/jabon-hidratante-amazonico\/\">Jab\u00f3n hidratante amaz\u00f3nico<\/a> limpiar\u00e1 impurezas y exceso de sebo de tu zona T dejando un rastro de hidrataci\u00f3n.<\/p>\n<p><strong>Hidrataci\u00f3n facial:<\/strong> Nuestro\u00a0<a href=\"http:\/\/limpio.leviu.co\/producto\/serum-acido-hialuronico-y-vitamina-c\/\">s\u00e9rum de \u00c1cido hialur\u00f3nico y Vitamina C<\/a> ayudar\u00e1 a que tu piel se equilibre y aunque en la zona T tengas exceso de grasa ten presente que siempre debemos hidratar.<\/p>\n<p><strong>Mascarilla facial:<\/strong> Nuestra\u00a0<a href=\"http:\/\/limpio.leviu.co\/producto\/mascarilla-facial-frutos-amazonicos\/\">Mascarilla de Frutos amaz\u00f3nicos<\/a> es la mezcla perfecta entre la hidrataci\u00f3n y regulaci\u00f3n del exceso de sebo. Absorber\u00e1 el \u00f3leo excesivo de la zona T e hidratar\u00e1 el resto de tu rostro. Si tienes la zona T con mucho exceso de grasa, te recomendamos que apliques <a href=\"http:\/\/limpio.leviu.co\/producto\/mascarilla-facial-copoazu-y-carbon-activado\/\">Mascarilla de carb\u00f3n activado y copoaz\u00fa<\/a>\u00a0 en la zona T y en el resto de tu rostro apliques la <a href=\"http:\/\/limpio.leviu.co\/producto\/mascarilla-facial-frutos-amazonicos\/\">Mascarilla de Frutos amaz\u00f3nicos<\/a>.<\/p>","protected":false},"featured_media":3065,"comment_status":"open","ping_status":"closed","template":"","meta":{"_et_pb_use_builder":"on","_et_pb_old_content":"","_et_gb_content_width":"","content-type":""},"product_brand":[],"product_cat":[23,24],"product_tag":[],"class_list":{"0":"post-805","1":"product","2":"type-product","3":"status-publish","4":"has-post-thumbnail","6":"product_cat-leviu","7":"product_cat-packs","9":"first","10":"instock","11":"sale","12":"taxable","13":"shipping-taxable","14":"purchasable","15":"product-type-simple"},"jetpack_sharing_enabled":true,"_links":{"self":[{"href":"https:\/\/leviu.co\/en\/wp-json\/wp\/v2\/product\/805","targetHints":{"allow":["GET"]}}],"collection":[{"href":"https:\/\/leviu.co\/en\/wp-json\/wp\/v2\/product"}],"about":[{"href":"https:\/\/leviu.co\/en\/wp-json\/wp\/v2\/types\/product"}],"replies":[{"embeddable":true,"href":"https:\/\/leviu.co\/en\/wp-json\/wp\/v2\/comments?post=805"}],"wp:featuredmedia":[{"embeddable":true,"href":"https:\/\/leviu.co\/en\/wp-json\/wp\/v2\/media\/3065"}],"wp:attachment":[{"href":"https:\/\/leviu.co\/en\/wp-json\/wp\/v2\/media?parent=805"}],"wp:term":[{"taxonomy":"product_brand","embeddable":true,"href":"https:\/\/leviu.co\/en\/wp-json\/wp\/v2\/product_brand?post=805"},{"taxonomy":"product_cat","embeddable":true,"href":"https:\/\/leviu.co\/en\/wp-json\/wp\/v2\/product_cat?post=805"},{"taxonomy":"product_tag","embeddable":true,"href":"https:\/\/leviu.co\/en\/wp-json\/wp\/v2\/product_tag?post=805"}],"curies":[{"name":"wp","href":"https:\/\/api.w.org\/{rel}","templated":true}]}}